{"id":9855,"date":"2019-11-26T17:24:37","date_gmt":"2019-11-26T15:24:37","guid":{"rendered":"https:\/\/tightline.ee\/?post_type=product&#038;p=9855"},"modified":"2023-05-08T13:05:37","modified_gmt":"2023-05-08T10:05:37","slug":"cf-design-large-fly-case-for-large-size-flies","status":"publish","type":"product","link":"https:\/\/tightline.ee\/et\/toode\/cf-design-large-fly-case-for-large-size-flies\/","title":{"rendered":"C&#038;F Design Large Fly Case for Large Size Flies"},"content":{"rendered":"<p>M\u00f5eldud suurtele k\u00e4rbestele bassi, l\u00f5he ja soolavee jaoks.<br \/>\nKaalub 62g.<br \/>\nSuurus: 194x114x33 mm.<br \/>\nKarbi kasutatud.<\/p>","protected":false},"excerpt":{"rendered":"<p>M\u00f5eldud suurtele k\u00e4rbestele bassi, l\u00f5he ja soolavee jaoks. Kaalub 62g. Suurus: 194x114x33 mm. Karbi kasutatud.<\/p>\n","protected":false},"featured_media":13113,"template":"","meta":[],"pwb-brand":[2263],"product_cat":[92,99],"product_tag":[2261],"class_list":{"0":"post-9855","1":"product","2":"type-product","3":"status-publish","4":"has-post-thumbnail","6":"pwb-brand-cf-design","7":"product_cat-fly-boxes","8":"product_cat-second-hand","9":"product_tag-fly-box","11":"first","12":"instock","13":"sale","14":"taxable","15":"shipping-taxable","16":"purchasable","17":"product-type-simple"},"jetpack_sharing_enabled":true,"brands":[{"id":2263,"name":"C&amp;F Design","slug":"cf-design"}],"_links":{"self":[{"href":"https:\/\/tightline.ee\/et\/wp-json\/wp\/v2\/product\/9855","targetHints":{"allow":["GET"]}}],"collection":[{"href":"https:\/\/tightline.ee\/et\/wp-json\/wp\/v2\/product"}],"about":[{"href":"https:\/\/tightline.ee\/et\/wp-json\/wp\/v2\/types\/product"}],"wp:featuredmedia":[{"embeddable":true,"href":"https:\/\/tightline.ee\/et\/wp-json\/wp\/v2\/media\/13113"}],"wp:attachment":[{"href":"https:\/\/tightline.ee\/et\/wp-json\/wp\/v2\/media?parent=9855"}],"wp:term":[{"taxonomy":"pwb-brand","embeddable":true,"href":"https:\/\/tightline.ee\/et\/wp-json\/wp\/v2\/pwb-brand?post=9855"},{"taxonomy":"product_cat","embeddable":true,"href":"https:\/\/tightline.ee\/et\/wp-json\/wp\/v2\/product_cat?post=9855"},{"taxonomy":"product_tag","embeddable":true,"href":"https:\/\/tightline.ee\/et\/wp-json\/wp\/v2\/product_tag?post=9855"}],"curies":[{"name":"wp","href":"https:\/\/api.w.org\/{rel}","templated":true}]}}