{"id":9591,"date":"2019-11-12T12:20:56","date_gmt":"2019-11-12T10:20:56","guid":{"rendered":"https:\/\/tightline.ee\/?post_type=product&#038;p=9591"},"modified":"2022-06-04T12:05:11","modified_gmt":"2022-06-04T09:05:11","slug":"tenkara-fly-rod-10-6","status":"publish","type":"product","link":"https:\/\/tightline.ee\/et\/toode\/tenkara-fly-rod-10-6\/","title":{"rendered":"Tenkara Fly Rod 10&#8242; 6&#8243;"},"content":{"rendered":"<p>10 &#8216;6 &#8220;pikkune varras on t\u00e4iuslik kogupikkus n\u00fcmfide, pehmete h\u00e4kkide, v\u00f6\u00f6ndite ja suurte kuivade k\u00e4rbestega nagu punkritega kalastamiseks.<\/p>\n<p>Suure mooduliga s\u00fcsinikkiust vardaga teleskoobid vahemikus 20.5 &#8220;- 10 &#8216;6&#8243;<br \/>\nFlor-klassi korgik\u00e4epide<br \/>\nJoonehoidja tagumises osas, et h\u00f5lpsalt ojak\u00fcljel seadistada<br \/>\nKomplekti kuulub varuots ja teine sektsioon<br \/>\nVarrasokil on sisseehitatud reahoidja, mis korraldab liini, kui seda ei kasutata<br \/>\nRitv kaal on 187g<\/p>\n<p>Tootja Temple Fork Outfitters<\/p>","protected":false},"excerpt":{"rendered":"<p>10 &#8216;6 &#8220;pikkune varras on t\u00e4iuslik kogupikkus n\u00fcmfide, pehmete h\u00e4kkide, v\u00f6\u00f6ndite ja suurte kuivade k\u00e4rbestega nagu punkritega kalastamiseks. Suure mooduliga<\/p>\n","protected":false},"featured_media":0,"template":"","meta":[],"pwb-brand":[2228],"product_cat":[105],"product_tag":[2229],"class_list":{"0":"post-9591","1":"product","2":"type-product","3":"status-publish","5":"pwb-brand-tfo","6":"product_cat-tenkara","7":"product_tag-tenkara","9":"first","10":"onbackorder","11":"taxable","12":"shipping-taxable","13":"purchasable","14":"product-type-simple"},"jetpack_sharing_enabled":true,"brands":[{"id":2228,"name":"TFO","slug":"tfo"}],"_links":{"self":[{"href":"https:\/\/tightline.ee\/et\/wp-json\/wp\/v2\/product\/9591","targetHints":{"allow":["GET"]}}],"collection":[{"href":"https:\/\/tightline.ee\/et\/wp-json\/wp\/v2\/product"}],"about":[{"href":"https:\/\/tightline.ee\/et\/wp-json\/wp\/v2\/types\/product"}],"wp:attachment":[{"href":"https:\/\/tightline.ee\/et\/wp-json\/wp\/v2\/media?parent=9591"}],"wp:term":[{"taxonomy":"pwb-brand","embeddable":true,"href":"https:\/\/tightline.ee\/et\/wp-json\/wp\/v2\/pwb-brand?post=9591"},{"taxonomy":"product_cat","embeddable":true,"href":"https:\/\/tightline.ee\/et\/wp-json\/wp\/v2\/product_cat?post=9591"},{"taxonomy":"product_tag","embeddable":true,"href":"https:\/\/tightline.ee\/et\/wp-json\/wp\/v2\/product_tag?post=9591"}],"curies":[{"name":"wp","href":"https:\/\/api.w.org\/{rel}","templated":true}]}}