{"id":9580,"date":"2019-11-11T16:59:42","date_gmt":"2019-11-11T14:59:42","guid":{"rendered":"https:\/\/tightline.ee\/?post_type=product&#038;p=9580"},"modified":"2024-04-29T18:42:53","modified_gmt":"2024-04-29T15:42:53","slug":"guide-line-uls-hybrid-switch","status":"publish","type":"product","link":"https:\/\/tightline.ee\/et\/toode\/guide-line-uls-hybrid-switch\/","title":{"rendered":"Guide Line ULS Hybrid Switch"},"content":{"rendered":"<p># 5 &#8211; 126 g, soovitatav peakaal 11\u201313 g \/ 170\u2013200 grain<br \/>\n# 6 &#8211; 128g, soovitatav peakaal 13-15g \/ 200-230 grain<br \/>\n# 7 &#8211; 130 g, soovitatav peakaal 17\u201319 g \/ 260\u2013290 grain<br \/>\n# 8 &#8211; 132 g, soovitatav peakaal 19\u201321 g \/ 290\u2013325 grain<\/p>\n<p>L\u00fclitusvardad seisavad nii, nagu nad olid, peale kahe- ja \u00fchek\u00e4eliste. K\u00e4epideme konfiguratsioon v\u00f5eti kahe k\u00e4ega vardadest, mis v\u00f5imaldab kasutada \u00fclemist k\u00e4tt valamisel ja abistamist alumise k\u00e4ega, mis aga \u00fche k\u00e4ega vardade puhul pole. \u00dche k\u00e4ega vardadest &#8211; v\u00e4ike pikkus. Kalur v\u00f5ib s\u00f5ltuvalt olukorrast seda varrast kasutada \u00fche k\u00e4ega ja kahe k\u00e4ega. Tingimustes, kui vajate s\u00fcgavat &#8220;vaadi&#8221;, kui vajumise otstega kalap\u00fc\u00fck on \u00f5igustatud, kui peate heitma ebamugavast kohast, on k\u00f5igis nendes olukordades \u00f5igustatud seda t\u00fc\u00fcpi varraste valik<\/p>\n<p>&nbsp;<\/p>","protected":false},"excerpt":{"rendered":"<p># 5 &#8211; 126 g, soovitatav peakaal 11\u201313 g \/ 170\u2013200 grain # 6 &#8211; 128g, soovitatav peakaal 13-15g \/<\/p>\n","protected":false},"featured_media":13524,"template":"","meta":[],"pwb-brand":[2191],"product_cat":[2223],"product_tag":[2075],"class_list":{"0":"post-9580","1":"product","2":"type-product","3":"status-publish","4":"has-post-thumbnail","6":"pwb-brand-guide-line","7":"product_cat-switch","8":"product_tag-switch","10":"first","11":"onbackorder","12":"taxable","13":"shipping-taxable","14":"purchasable","15":"product-type-variable"},"jetpack_sharing_enabled":true,"brands":[{"id":2191,"name":"Guide Line","slug":"guide-line"}],"_links":{"self":[{"href":"https:\/\/tightline.ee\/et\/wp-json\/wp\/v2\/product\/9580","targetHints":{"allow":["GET"]}}],"collection":[{"href":"https:\/\/tightline.ee\/et\/wp-json\/wp\/v2\/product"}],"about":[{"href":"https:\/\/tightline.ee\/et\/wp-json\/wp\/v2\/types\/product"}],"wp:featuredmedia":[{"embeddable":true,"href":"https:\/\/tightline.ee\/et\/wp-json\/wp\/v2\/media\/13524"}],"wp:attachment":[{"href":"https:\/\/tightline.ee\/et\/wp-json\/wp\/v2\/media?parent=9580"}],"wp:term":[{"taxonomy":"pwb-brand","embeddable":true,"href":"https:\/\/tightline.ee\/et\/wp-json\/wp\/v2\/pwb-brand?post=9580"},{"taxonomy":"product_cat","embeddable":true,"href":"https:\/\/tightline.ee\/et\/wp-json\/wp\/v2\/product_cat?post=9580"},{"taxonomy":"product_tag","embeddable":true,"href":"https:\/\/tightline.ee\/et\/wp-json\/wp\/v2\/product_tag?post=9580"}],"curies":[{"name":"wp","href":"https:\/\/api.w.org\/{rel}","templated":true}]}}