{"id":9163,"date":"2019-10-31T15:43:35","date_gmt":"2019-10-31T13:43:35","guid":{"rendered":"https:\/\/tightline.ee\/?post_type=product&#038;p=9163"},"modified":"2024-06-06T22:44:39","modified_gmt":"2024-06-06T19:44:39","slug":"spinner-bodies-tail-fibre-fibbets","status":"publish","type":"product","link":"https:\/\/tightline.ee\/et\/toode\/spinner-bodies-tail-fibre-fibbets\/","title":{"rendered":"Spinner Bodies &#038; Tail Fibre Fibbets"},"content":{"rendered":"<p>Sabakiudvibusid kasutatakse peamiselt kuivade k\u00e4rbeste materjali tambimiseks. Need kiud on v\u00e4ga vastupidavad ja neil on ujuvusomadused, mis tagavad t\u00e4iendava ujuvuse. Need kiudkoogid toimivad ka tasakaalustajana kuivade k\u00e4rbeste stabiilsuse tagamiseks.<\/p>\n<p>&nbsp;<\/p>\n<p>&nbsp;<\/p>","protected":false},"excerpt":{"rendered":"<p>Sabakiudvibusid kasutatakse peamiselt kuivade k\u00e4rbeste materjali tambimiseks. Need kiud on v\u00e4ga vastupidavad ja neil on ujuvusomadused, mis tagavad t\u00e4iendava ujuvuse.<\/p>\n","protected":false},"featured_media":9173,"template":"","meta":[],"pwb-brand":[394],"product_cat":[159],"product_tag":[370,2119,2147,457,459],"class_list":{"0":"post-9163","1":"product","2":"type-product","3":"status-publish","4":"has-post-thumbnail","6":"pwb-brand-veniard","7":"product_cat-body-materials","8":"product_tag-body","9":"product_tag-foam","10":"product_tag-spinner","11":"product_tag-tail","12":"product_tag-459","14":"first","15":"instock","16":"sale","17":"taxable","18":"shipping-taxable","19":"purchasable","20":"product-type-variable"},"jetpack_sharing_enabled":true,"brands":[{"id":394,"name":"Veniard","slug":"veniard"}],"_links":{"self":[{"href":"https:\/\/tightline.ee\/et\/wp-json\/wp\/v2\/product\/9163","targetHints":{"allow":["GET"]}}],"collection":[{"href":"https:\/\/tightline.ee\/et\/wp-json\/wp\/v2\/product"}],"about":[{"href":"https:\/\/tightline.ee\/et\/wp-json\/wp\/v2\/types\/product"}],"wp:featuredmedia":[{"embeddable":true,"href":"https:\/\/tightline.ee\/et\/wp-json\/wp\/v2\/media\/9173"}],"wp:attachment":[{"href":"https:\/\/tightline.ee\/et\/wp-json\/wp\/v2\/media?parent=9163"}],"wp:term":[{"taxonomy":"pwb-brand","embeddable":true,"href":"https:\/\/tightline.ee\/et\/wp-json\/wp\/v2\/pwb-brand?post=9163"},{"taxonomy":"product_cat","embeddable":true,"href":"https:\/\/tightline.ee\/et\/wp-json\/wp\/v2\/product_cat?post=9163"},{"taxonomy":"product_tag","embeddable":true,"href":"https:\/\/tightline.ee\/et\/wp-json\/wp\/v2\/product_tag?post=9163"}],"curies":[{"name":"wp","href":"https:\/\/api.w.org\/{rel}","templated":true}]}}