{"id":9095,"date":"2019-10-31T14:46:28","date_gmt":"2019-10-31T12:46:28","guid":{"rendered":"https:\/\/tightline.ee\/?post_type=product&#038;p=9095"},"modified":"2025-11-19T11:46:25","modified_gmt":"2025-11-19T09:46:25","slug":"foam","status":"publish","type":"product","link":"https:\/\/tightline.ee\/et\/toode\/foam\/","title":{"rendered":"Foam\/ Vaht"},"content":{"rendered":"<p>\u00d5huke kinnine rakuvaht punkeritele, sipelgatele ja mardikatele. Paksus 2 mm, 1 leht pakendi kohta<\/p>\n<p>Loco vaht &#8211; metalliline ja p\u00e4rlmutterv\u00e4rviga 2mm vaht, mis lisab teie k\u00e4rbsele v\u00e4lklambi, hoides selle endiselt ujuvana nagu kork. 2 mm paksused 2 lehte pakendi kohta<\/p>","protected":false},"excerpt":{"rendered":"<p>\u00d5huke kinnine rakuvaht punkeritele, sipelgatele ja mardikatele. Paksus 2 mm, 1 leht pakendi kohta Loco vaht &#8211; metalliline ja p\u00e4rlmutterv\u00e4rviga<\/p>\n","protected":false},"featured_media":9121,"template":"","meta":[],"pwb-brand":[1789,394,367],"product_cat":[2091],"product_tag":[2119,2144,2146,2145],"class_list":{"0":"post-9095","1":"product","2":"type-product","3":"status-publish","4":"has-post-thumbnail","6":"pwb-brand-sybai","7":"pwb-brand-veniard","8":"pwb-brand-wapsi","9":"product_cat-foam","10":"product_tag-foam","11":"product_tag-loco-foam","12":"product_tag-vaht","13":"product_tag-2145","15":"first","16":"instock","17":"sale","18":"taxable","19":"shipping-taxable","20":"purchasable","21":"product-type-variable"},"jetpack_sharing_enabled":true,"brands":[{"id":1789,"name":"Sybai","slug":"sybai"},{"id":394,"name":"Veniard","slug":"veniard"},{"id":367,"name":"Wapsi","slug":"wapsi"}],"_links":{"self":[{"href":"https:\/\/tightline.ee\/et\/wp-json\/wp\/v2\/product\/9095","targetHints":{"allow":["GET"]}}],"collection":[{"href":"https:\/\/tightline.ee\/et\/wp-json\/wp\/v2\/product"}],"about":[{"href":"https:\/\/tightline.ee\/et\/wp-json\/wp\/v2\/types\/product"}],"wp:featuredmedia":[{"embeddable":true,"href":"https:\/\/tightline.ee\/et\/wp-json\/wp\/v2\/media\/9121"}],"wp:attachment":[{"href":"https:\/\/tightline.ee\/et\/wp-json\/wp\/v2\/media?parent=9095"}],"wp:term":[{"taxonomy":"pwb-brand","embeddable":true,"href":"https:\/\/tightline.ee\/et\/wp-json\/wp\/v2\/pwb-brand?post=9095"},{"taxonomy":"product_cat","embeddable":true,"href":"https:\/\/tightline.ee\/et\/wp-json\/wp\/v2\/product_cat?post=9095"},{"taxonomy":"product_tag","embeddable":true,"href":"https:\/\/tightline.ee\/et\/wp-json\/wp\/v2\/product_tag?post=9095"}],"curies":[{"name":"wp","href":"https:\/\/api.w.org\/{rel}","templated":true}]}}