{"id":9074,"date":"2019-10-30T17:48:00","date_gmt":"2019-10-30T15:48:00","guid":{"rendered":"https:\/\/tightline.ee\/?post_type=product&#038;p=9074"},"modified":"2026-01-25T17:22:03","modified_gmt":"2026-01-25T15:22:03","slug":"colored-wing-material","status":"publish","type":"product","link":"https:\/\/tightline.ee\/et\/toode\/colored-wing-material\/","title":{"rendered":"Colored Wing Material"},"content":{"rendered":"<p>V\u00e4rviline tiibmaterjal ilma mustrita. Tagatud mittetoksiline ja ohutu tiibade ja tiiva pungade p\u00f5letamisel. Komplekt 4 lehte: oliiv, v\u00e4\u00e4vel, tan ja dun.<\/p>\n<p>&nbsp;<\/p>","protected":false},"excerpt":{"rendered":"<p>V\u00e4rviline tiibmaterjal ilma mustrita. Tagatud mittetoksiline ja ohutu tiibade ja tiiva pungade p\u00f5letamisel. Komplekt 4 lehte: oliiv, v\u00e4\u00e4vel, tan ja<\/p>\n","protected":false},"featured_media":9080,"template":"","meta":[],"pwb-brand":[2124],"product_cat":[159],"product_tag":[1569,2125],"class_list":{"0":"post-9074","1":"product","2":"type-product","3":"status-publish","4":"has-post-thumbnail","6":"pwb-brand-json","7":"product_cat-body-materials","8":"product_tag-wing","9":"product_tag-2125","11":"first","12":"outofstock","13":"taxable","14":"shipping-taxable","15":"purchasable","16":"product-type-simple"},"jetpack_sharing_enabled":true,"brands":[{"id":2124,"name":"JSon","slug":"json"}],"_links":{"self":[{"href":"https:\/\/tightline.ee\/et\/wp-json\/wp\/v2\/product\/9074","targetHints":{"allow":["GET"]}}],"collection":[{"href":"https:\/\/tightline.ee\/et\/wp-json\/wp\/v2\/product"}],"about":[{"href":"https:\/\/tightline.ee\/et\/wp-json\/wp\/v2\/types\/product"}],"wp:featuredmedia":[{"embeddable":true,"href":"https:\/\/tightline.ee\/et\/wp-json\/wp\/v2\/media\/9080"}],"wp:attachment":[{"href":"https:\/\/tightline.ee\/et\/wp-json\/wp\/v2\/media?parent=9074"}],"wp:term":[{"taxonomy":"pwb-brand","embeddable":true,"href":"https:\/\/tightline.ee\/et\/wp-json\/wp\/v2\/pwb-brand?post=9074"},{"taxonomy":"product_cat","embeddable":true,"href":"https:\/\/tightline.ee\/et\/wp-json\/wp\/v2\/product_cat?post=9074"},{"taxonomy":"product_tag","embeddable":true,"href":"https:\/\/tightline.ee\/et\/wp-json\/wp\/v2\/product_tag?post=9074"}],"curies":[{"name":"wp","href":"https:\/\/api.w.org\/{rel}","templated":true}]}}