{"id":8979,"date":"2019-10-30T12:05:31","date_gmt":"2019-10-30T10:05:31","guid":{"rendered":"https:\/\/tightline.ee\/?post_type=product&#038;p=8979"},"modified":"2024-05-26T18:56:17","modified_gmt":"2024-05-26T15:56:17","slug":"popper-foam-cylinders-booby-eyes","status":"publish","type":"product","link":"https:\/\/tightline.ee\/et\/toode\/popper-foam-cylinders-booby-eyes\/","title":{"rendered":"Popper &#038; Foam Cylinders, Booby Eyes"},"content":{"rendered":"<p>Pehmete mesilaste \/ herilaste kehade pakend 6, iga silinder l\u00f5igatakse sidumisel pooleks, nii et saate 2 k\u00e4rbest.<br \/>\nPoperi silindritel on t\u00e4iuslik tihedus popperi kerede kujundamiseks. Sandable, 4 cm pikk. Soolane vesi panfishi.<br \/>\nBooby Eyes pehme ja \u00fclilihtne materjal, mis sobib ideaalselt h\u00f5ljuvate ja eraldiseisvate kehade jaoks.<br \/>\nKasutatakse sageli sukahoidjate n\u00fcmfide, triibuliste silmade ja ujuvate kehade jaoks.<br \/>\nRainy&#8217;s Ant Bodies &#8211; eelvormitud mustad vahtmaterjalist antikehad, millel on s\u00e4ravad n\u00e4pun\u00e4ited (sildid).<\/p>\n<p>&nbsp;<\/p>","protected":false},"excerpt":{"rendered":"<p>Pehmete mesilaste \/ herilaste kehade pakend 6, iga silinder l\u00f5igatakse sidumisel pooleks, nii et saate 2 k\u00e4rbest. Poperi silindritel on<\/p>\n","protected":false},"featured_media":8985,"template":"","meta":[],"pwb-brand":[2092,1789,394,367],"product_cat":[2091],"product_tag":[2122,2123,2119,2117],"class_list":{"0":"post-8979","1":"product","2":"type-product","3":"status-publish","4":"has-post-thumbnail","6":"pwb-brand-rainys","7":"pwb-brand-sybai","8":"pwb-brand-veniard","9":"pwb-brand-wapsi","10":"product_cat-foam","11":"product_tag-booby-eyes","12":"product_tag-boobys","13":"product_tag-foam","14":"product_tag-popper","16":"first","17":"instock","18":"sale","19":"taxable","20":"shipping-taxable","21":"purchasable","22":"product-type-variable"},"jetpack_sharing_enabled":true,"brands":[{"id":2092,"name":"Rainy's","slug":"rainys"},{"id":1789,"name":"Sybai","slug":"sybai"},{"id":394,"name":"Veniard","slug":"veniard"},{"id":367,"name":"Wapsi","slug":"wapsi"}],"_links":{"self":[{"href":"https:\/\/tightline.ee\/et\/wp-json\/wp\/v2\/product\/8979","targetHints":{"allow":["GET"]}}],"collection":[{"href":"https:\/\/tightline.ee\/et\/wp-json\/wp\/v2\/product"}],"about":[{"href":"https:\/\/tightline.ee\/et\/wp-json\/wp\/v2\/types\/product"}],"wp:featuredmedia":[{"embeddable":true,"href":"https:\/\/tightline.ee\/et\/wp-json\/wp\/v2\/media\/8985"}],"wp:attachment":[{"href":"https:\/\/tightline.ee\/et\/wp-json\/wp\/v2\/media?parent=8979"}],"wp:term":[{"taxonomy":"pwb-brand","embeddable":true,"href":"https:\/\/tightline.ee\/et\/wp-json\/wp\/v2\/pwb-brand?post=8979"},{"taxonomy":"product_cat","embeddable":true,"href":"https:\/\/tightline.ee\/et\/wp-json\/wp\/v2\/product_cat?post=8979"},{"taxonomy":"product_tag","embeddable":true,"href":"https:\/\/tightline.ee\/et\/wp-json\/wp\/v2\/product_tag?post=8979"}],"curies":[{"name":"wp","href":"https:\/\/api.w.org\/{rel}","templated":true}]}}