{"id":8956,"date":"2019-10-30T11:47:41","date_gmt":"2019-10-30T09:47:41","guid":{"rendered":"https:\/\/tightline.ee\/?post_type=product&#038;p=8956"},"modified":"2025-06-05T23:02:13","modified_gmt":"2025-06-05T20:02:13","slug":"para-post-wing-parachute-antron-egg-yarn","status":"publish","type":"product","link":"https:\/\/tightline.ee\/et\/toode\/para-post-wing-parachute-antron-egg-yarn\/","title":{"rendered":"Para Post Wing, Parachute Antron, Egg Yarn"},"content":{"rendered":"<p>Para Post tiivad tekkivate juhtumite, langevarjuposti ja poolitatud tiibade kuivade k\u00e4rbeste jaoks.<br \/>\nMunal\u00f5ng on pehme, kohev l\u00f5ng, mida tavaliselt kasutatakse Glo Bugs ja muudel munamustritel.<br \/>\nEriti j\u00e4ik Antroni l\u00f5ng, mis sobib ideaalselt langevarjupostide jaoks ja kuna materjal on loomulikult ujuv, saab streigiindikaatorite jaoks kasutada erksaid v\u00e4rve.<\/p>\n<p>&nbsp;<\/p>","protected":false},"excerpt":{"rendered":"<p>Para Post tiivad tekkivate juhtumite, langevarjuposti ja poolitatud tiibade kuivade k\u00e4rbeste jaoks. Munal\u00f5ng on pehme, kohev l\u00f5ng, mida tavaliselt kasutatakse<\/p>\n","protected":false},"featured_media":8973,"template":"","meta":[],"pwb-brand":[462,394,367],"product_cat":[159],"product_tag":[1993],"class_list":{"0":"post-8956","1":"product","2":"type-product","3":"status-publish","4":"has-post-thumbnail","6":"pwb-brand-eumer","7":"pwb-brand-veniard","8":"pwb-brand-wapsi","9":"product_cat-body-materials","10":"product_tag-swiss-straw","12":"first","13":"instock","14":"taxable","15":"shipping-taxable","16":"purchasable","17":"product-type-variable"},"jetpack_sharing_enabled":true,"brands":[{"id":462,"name":"Eumer","slug":"eumer"},{"id":394,"name":"Veniard","slug":"veniard"},{"id":367,"name":"Wapsi","slug":"wapsi"}],"_links":{"self":[{"href":"https:\/\/tightline.ee\/et\/wp-json\/wp\/v2\/product\/8956","targetHints":{"allow":["GET"]}}],"collection":[{"href":"https:\/\/tightline.ee\/et\/wp-json\/wp\/v2\/product"}],"about":[{"href":"https:\/\/tightline.ee\/et\/wp-json\/wp\/v2\/types\/product"}],"wp:featuredmedia":[{"embeddable":true,"href":"https:\/\/tightline.ee\/et\/wp-json\/wp\/v2\/media\/8973"}],"wp:attachment":[{"href":"https:\/\/tightline.ee\/et\/wp-json\/wp\/v2\/media?parent=8956"}],"wp:term":[{"taxonomy":"pwb-brand","embeddable":true,"href":"https:\/\/tightline.ee\/et\/wp-json\/wp\/v2\/pwb-brand?post=8956"},{"taxonomy":"product_cat","embeddable":true,"href":"https:\/\/tightline.ee\/et\/wp-json\/wp\/v2\/product_cat?post=8956"},{"taxonomy":"product_tag","embeddable":true,"href":"https:\/\/tightline.ee\/et\/wp-json\/wp\/v2\/product_tag?post=8956"}],"curies":[{"name":"wp","href":"https:\/\/api.w.org\/{rel}","templated":true}]}}