{"id":8786,"date":"2019-10-28T21:03:53","date_gmt":"2019-10-28T19:03:53","guid":{"rendered":"https:\/\/tightline.ee\/?post_type=product&#038;p=8786"},"modified":"2025-06-19T10:20:31","modified_gmt":"2025-06-19T07:20:31","slug":"sparkle-diamond-braid","status":"publish","type":"product","link":"https:\/\/tightline.ee\/et\/toode\/sparkle-diamond-braid\/","title":{"rendered":"Sparkle (Diamond) Braid"},"content":{"rendered":"<p>Kasutatakse k\u00e4\u00e4buste, n\u00fcmfide, kadrisuppide ja v\u00f6\u00f6tkookide jaoks.<\/p>","protected":false},"excerpt":{"rendered":"<p>Kasutatakse k\u00e4\u00e4buste, n\u00fcmfide, kadrisuppide ja v\u00f6\u00f6tkookide jaoks.<\/p>\n","protected":false},"featured_media":8793,"template":"","meta":[],"pwb-brand":[998,434,834,367],"product_cat":[159],"product_tag":[370,2034,2035,2033],"class_list":{"0":"post-8786","1":"product","2":"type-product","3":"status-publish","4":"has-post-thumbnail","6":"pwb-brand-h2o","7":"pwb-brand-hareline","8":"pwb-brand-utc","9":"pwb-brand-wapsi","10":"product_cat-body-materials","11":"product_tag-body","12":"product_tag-diamond","13":"product_tag-midge","14":"product_tag-sparkle","16":"first","17":"instock","18":"taxable","19":"shipping-taxable","20":"purchasable","21":"product-type-variable"},"jetpack_sharing_enabled":true,"brands":[{"id":998,"name":"H2O","slug":"h2o"},{"id":434,"name":"Hareline","slug":"hareline"},{"id":834,"name":"UTC","slug":"utc"},{"id":367,"name":"Wapsi","slug":"wapsi"}],"_links":{"self":[{"href":"https:\/\/tightline.ee\/et\/wp-json\/wp\/v2\/product\/8786","targetHints":{"allow":["GET"]}}],"collection":[{"href":"https:\/\/tightline.ee\/et\/wp-json\/wp\/v2\/product"}],"about":[{"href":"https:\/\/tightline.ee\/et\/wp-json\/wp\/v2\/types\/product"}],"wp:featuredmedia":[{"embeddable":true,"href":"https:\/\/tightline.ee\/et\/wp-json\/wp\/v2\/media\/8793"}],"wp:attachment":[{"href":"https:\/\/tightline.ee\/et\/wp-json\/wp\/v2\/media?parent=8786"}],"wp:term":[{"taxonomy":"pwb-brand","embeddable":true,"href":"https:\/\/tightline.ee\/et\/wp-json\/wp\/v2\/pwb-brand?post=8786"},{"taxonomy":"product_cat","embeddable":true,"href":"https:\/\/tightline.ee\/et\/wp-json\/wp\/v2\/product_cat?post=8786"},{"taxonomy":"product_tag","embeddable":true,"href":"https:\/\/tightline.ee\/et\/wp-json\/wp\/v2\/product_tag?post=8786"}],"curies":[{"name":"wp","href":"https:\/\/api.w.org\/{rel}","templated":true}]}}