{"id":8751,"date":"2019-10-28T17:01:17","date_gmt":"2019-10-28T15:01:17","guid":{"rendered":"https:\/\/tightline.ee\/?post_type=product&#038;p=8751"},"modified":"2026-02-03T14:59:32","modified_gmt":"2026-02-03T12:59:32","slug":"simms-challenger-insulated-jacket","status":"publish","type":"product","link":"https:\/\/tightline.ee\/et\/toode\/simms-challenger-insulated-jacket\/","title":{"rendered":"Simms Challenger Insulated Jacket"},"content":{"rendered":"<p><\/p>\n<p class=\"product-short-desc\">Veekindel Challenger-kapp 300g PrimaLoft\u00ae-i isolatsiooniga neile m\u00f5rudele k\u00fclmadele p\u00e4evadele vee peal.<\/p>\n<p>https:\/\/flyfisheurope.com\/simms\/simms%20outerwear\/challenger%20insulated%20jacket\/product\/12283-001-20<\/p>","protected":false},"excerpt":{"rendered":"<p>Veekindel Challenger-kapp 300g PrimaLoft\u00ae-i isolatsiooniga neile m\u00f5rudele k\u00fclmadele p\u00e4evadele vee peal. https:\/\/flyfisheurope.com\/simms\/simms%20outerwear\/challenger%20insulated%20jacket\/product\/12283-001-20<\/p>\n","protected":false},"featured_media":13498,"template":"","meta":[],"pwb-brand":[333],"product_cat":[127],"product_tag":[418,413,414,350,417,416,415],"class_list":{"0":"post-8751","1":"product","2":"type-product","3":"status-publish","4":"has-post-thumbnail","6":"pwb-brand-simms","7":"product_cat-jacket","8":"product_tag-fishing-jacket","9":"product_tag-jacket","10":"product_tag-rainwear","11":"product_tag-simms","12":"product_tag-wading-jacket","13":"product_tag-416","14":"product_tag-415","16":"first","17":"onbackorder","18":"taxable","19":"shipping-taxable","20":"purchasable","21":"product-type-variable"},"jetpack_sharing_enabled":true,"brands":[{"id":333,"name":"Simms","slug":"simms"}],"_links":{"self":[{"href":"https:\/\/tightline.ee\/et\/wp-json\/wp\/v2\/product\/8751","targetHints":{"allow":["GET"]}}],"collection":[{"href":"https:\/\/tightline.ee\/et\/wp-json\/wp\/v2\/product"}],"about":[{"href":"https:\/\/tightline.ee\/et\/wp-json\/wp\/v2\/types\/product"}],"wp:featuredmedia":[{"embeddable":true,"href":"https:\/\/tightline.ee\/et\/wp-json\/wp\/v2\/media\/13498"}],"wp:attachment":[{"href":"https:\/\/tightline.ee\/et\/wp-json\/wp\/v2\/media?parent=8751"}],"wp:term":[{"taxonomy":"pwb-brand","embeddable":true,"href":"https:\/\/tightline.ee\/et\/wp-json\/wp\/v2\/pwb-brand?post=8751"},{"taxonomy":"product_cat","embeddable":true,"href":"https:\/\/tightline.ee\/et\/wp-json\/wp\/v2\/product_cat?post=8751"},{"taxonomy":"product_tag","embeddable":true,"href":"https:\/\/tightline.ee\/et\/wp-json\/wp\/v2\/product_tag?post=8751"}],"curies":[{"name":"wp","href":"https:\/\/api.w.org\/{rel}","templated":true}]}}