{"id":8742,"date":"2019-10-28T16:54:34","date_gmt":"2019-10-28T14:54:34","guid":{"rendered":"https:\/\/tightline.ee\/?post_type=product&#038;p=8742"},"modified":"2024-01-17T21:36:26","modified_gmt":"2024-01-17T19:36:26","slug":"simms-challenger-insulated-bib","status":"publish","type":"product","link":"https:\/\/tightline.ee\/et\/toode\/simms-challenger-insulated-bib\/","title":{"rendered":"Simms Challenger Insulated Bib"},"content":{"rendered":"<p><\/p>\n<p class=\"product-short-desc\">Veekindel Challenger-kapp 300g PrimaLoft\u00ae-i isolatsiooniga neile m\u00f5rudele k\u00fclmadele p\u00e4evadele vee peal.<\/p>\n<p>https:\/\/flyfisheurope.com\/simms\/simms%20outerwear\/challenger%20insulated%20bib\/product\/12284-025-20<\/p>","protected":false},"excerpt":{"rendered":"<p>Veekindel Challenger-kapp 300g PrimaLoft\u00ae-i isolatsiooniga neile m\u00f5rudele k\u00fclmadele p\u00e4evadele vee peal. https:\/\/flyfisheurope.com\/simms\/simms%20outerwear\/challenger%20insulated%20bib\/product\/12284-025-20<\/p>\n","protected":false},"featured_media":13268,"template":"","meta":[],"pwb-brand":[333],"product_cat":[126],"product_tag":[2014,414,350],"class_list":{"0":"post-8742","1":"product","2":"type-product","3":"status-publish","4":"has-post-thumbnail","6":"pwb-brand-simms","7":"product_cat-fishing-pants","8":"product_tag-bib","9":"product_tag-rainwear","10":"product_tag-simms","12":"first","13":"onbackorder","14":"taxable","15":"shipping-taxable","16":"purchasable","17":"product-type-variable"},"jetpack_sharing_enabled":true,"brands":[{"id":333,"name":"Simms","slug":"simms"}],"_links":{"self":[{"href":"https:\/\/tightline.ee\/et\/wp-json\/wp\/v2\/product\/8742","targetHints":{"allow":["GET"]}}],"collection":[{"href":"https:\/\/tightline.ee\/et\/wp-json\/wp\/v2\/product"}],"about":[{"href":"https:\/\/tightline.ee\/et\/wp-json\/wp\/v2\/types\/product"}],"wp:featuredmedia":[{"embeddable":true,"href":"https:\/\/tightline.ee\/et\/wp-json\/wp\/v2\/media\/13268"}],"wp:attachment":[{"href":"https:\/\/tightline.ee\/et\/wp-json\/wp\/v2\/media?parent=8742"}],"wp:term":[{"taxonomy":"pwb-brand","embeddable":true,"href":"https:\/\/tightline.ee\/et\/wp-json\/wp\/v2\/pwb-brand?post=8742"},{"taxonomy":"product_cat","embeddable":true,"href":"https:\/\/tightline.ee\/et\/wp-json\/wp\/v2\/product_cat?post=8742"},{"taxonomy":"product_tag","embeddable":true,"href":"https:\/\/tightline.ee\/et\/wp-json\/wp\/v2\/product_tag?post=8742"}],"curies":[{"name":"wp","href":"https:\/\/api.w.org\/{rel}","templated":true}]}}