{"id":8583,"date":"2019-10-22T11:21:23","date_gmt":"2019-10-22T08:21:23","guid":{"rendered":"https:\/\/tightline.ee\/?post_type=product&#038;p=8583"},"modified":"2024-04-29T17:53:32","modified_gmt":"2024-04-29T14:53:32","slug":"patagonia-mens-nano-puff-jacket","status":"publish","type":"product","link":"https:\/\/tightline.ee\/et\/toode\/patagonia-mens-nano-puff-jacket\/","title":{"rendered":"Patagonia Men&#8217;s Nano Puff\u00ae Jacket"},"content":{"rendered":"<p>Soe, tuule- ja veekindel &#8211; Nano Puff\u00ae Vest kasutab uskumatult kerget ja h\u00e4sti kokkusurutavat 60-grammist PrimaLoft\u00ae Gold Insulation Eco-i, mille 55% -line j\u00e4relt\u00f6\u00f6tlusseade on \u00fcmbert\u00f6\u00f6deldud ja mis on m\u00e4hitud 100% \u00fcmbert\u00f6\u00f6deldud pol\u00fcesterkesta ja voodriga.<\/p>","protected":false},"excerpt":{"rendered":"<p>Soe, tuule- ja veekindel &#8211; Nano Puff\u00ae Vest kasutab uskumatult kerget ja h\u00e4sti kokkusurutavat 60-grammist PrimaLoft\u00ae Gold Insulation Eco-i, mille<\/p>\n","protected":false},"featured_media":13501,"template":"","meta":[],"pwb-brand":[293],"product_cat":[124],"product_tag":[1999,1777],"class_list":{"0":"post-8583","1":"product","2":"type-product","3":"status-publish","4":"has-post-thumbnail","6":"pwb-brand-patagonia","7":"product_cat-thermo-underwear","8":"product_tag-polartec","9":"product_tag-termo","11":"first","12":"onbackorder","13":"taxable","14":"shipping-taxable","15":"purchasable","16":"product-type-variable"},"jetpack_sharing_enabled":true,"brands":[{"id":293,"name":"Patagonia","slug":"patagonia"}],"_links":{"self":[{"href":"https:\/\/tightline.ee\/et\/wp-json\/wp\/v2\/product\/8583","targetHints":{"allow":["GET"]}}],"collection":[{"href":"https:\/\/tightline.ee\/et\/wp-json\/wp\/v2\/product"}],"about":[{"href":"https:\/\/tightline.ee\/et\/wp-json\/wp\/v2\/types\/product"}],"wp:featuredmedia":[{"embeddable":true,"href":"https:\/\/tightline.ee\/et\/wp-json\/wp\/v2\/media\/13501"}],"wp:attachment":[{"href":"https:\/\/tightline.ee\/et\/wp-json\/wp\/v2\/media?parent=8583"}],"wp:term":[{"taxonomy":"pwb-brand","embeddable":true,"href":"https:\/\/tightline.ee\/et\/wp-json\/wp\/v2\/pwb-brand?post=8583"},{"taxonomy":"product_cat","embeddable":true,"href":"https:\/\/tightline.ee\/et\/wp-json\/wp\/v2\/product_cat?post=8583"},{"taxonomy":"product_tag","embeddable":true,"href":"https:\/\/tightline.ee\/et\/wp-json\/wp\/v2\/product_tag?post=8583"}],"curies":[{"name":"wp","href":"https:\/\/api.w.org\/{rel}","templated":true}]}}