{"id":8529,"date":"2019-10-22T10:29:07","date_gmt":"2019-10-22T07:29:07","guid":{"rendered":"https:\/\/tightline.ee\/?post_type=product&#038;p=8529"},"modified":"2024-04-29T17:55:12","modified_gmt":"2024-04-29T14:55:12","slug":"patagonia-mens-r1-techface-jacket","status":"publish","type":"product","link":"https:\/\/tightline.ee\/et\/toode\/patagonia-mens-r1-techface-jacket\/","title":{"rendered":"Patagonia Men&#8217;s R1\u00ae TechFace Jacket"},"content":{"rendered":"<p>\u00c4\u00e4rmiselt mitmek\u00fclgne ja v\u00e4ga auv\u00e4\u00e4rne R1\u00ae-vahekihid on loodud aktiivse kihina jaheda ilmaga, et hoida teid soojas ja m\u00f5nusalt m\u00e4gipingutuste kogu spektri ulatuses &#8211; ronida, matkata, maastikurattale minna ja k\u00f5igi kolme vahel vaevata \u00fcleminekuks. Kergest ja hingavast Polartec\u00ae Power Grid \u2122 kangast valmistatud R1 tagab silmapaistva venivuse, kokkusurutavuse ja vastupidavuse.<\/p>","protected":false},"excerpt":{"rendered":"<p>\u00c4\u00e4rmiselt mitmek\u00fclgne ja v\u00e4ga auv\u00e4\u00e4rne R1\u00ae-vahekihid on loodud aktiivse kihina jaheda ilmaga, et hoida teid soojas ja m\u00f5nusalt m\u00e4gipingutuste kogu<\/p>\n","protected":false},"featured_media":13502,"template":"","meta":[],"pwb-brand":[293],"product_cat":[124],"product_tag":[1999,1777],"class_list":{"0":"post-8529","1":"product","2":"type-product","3":"status-publish","4":"has-post-thumbnail","6":"pwb-brand-patagonia","7":"product_cat-thermo-underwear","8":"product_tag-polartec","9":"product_tag-termo","11":"first","12":"onbackorder","13":"taxable","14":"shipping-taxable","15":"purchasable","16":"product-type-variable"},"jetpack_sharing_enabled":true,"brands":[{"id":293,"name":"Patagonia","slug":"patagonia"}],"_links":{"self":[{"href":"https:\/\/tightline.ee\/et\/wp-json\/wp\/v2\/product\/8529","targetHints":{"allow":["GET"]}}],"collection":[{"href":"https:\/\/tightline.ee\/et\/wp-json\/wp\/v2\/product"}],"about":[{"href":"https:\/\/tightline.ee\/et\/wp-json\/wp\/v2\/types\/product"}],"wp:featuredmedia":[{"embeddable":true,"href":"https:\/\/tightline.ee\/et\/wp-json\/wp\/v2\/media\/13502"}],"wp:attachment":[{"href":"https:\/\/tightline.ee\/et\/wp-json\/wp\/v2\/media?parent=8529"}],"wp:term":[{"taxonomy":"pwb-brand","embeddable":true,"href":"https:\/\/tightline.ee\/et\/wp-json\/wp\/v2\/pwb-brand?post=8529"},{"taxonomy":"product_cat","embeddable":true,"href":"https:\/\/tightline.ee\/et\/wp-json\/wp\/v2\/product_cat?post=8529"},{"taxonomy":"product_tag","embeddable":true,"href":"https:\/\/tightline.ee\/et\/wp-json\/wp\/v2\/product_tag?post=8529"}],"curies":[{"name":"wp","href":"https:\/\/api.w.org\/{rel}","templated":true}]}}