{"id":8478,"date":"2019-10-17T18:17:07","date_gmt":"2019-10-17T15:17:07","guid":{"rendered":"https:\/\/tightline.ee\/?post_type=product&#038;p=8478"},"modified":"2025-03-26T11:46:35","modified_gmt":"2025-03-26T09:46:35","slug":"swiss-straw","status":"publish","type":"product","link":"https:\/\/tightline.ee\/et\/toode\/swiss-straw\/","title":{"rendered":"Swiss Straw"},"content":{"rendered":"<p>Swiss Straw on suurep\u00e4rane s\u00fcnteetiline toode, mis asendab h\u00f5lpsasti raffia mis tahes k\u00e4rbsetes.<br \/>\nSee on omamoodi \u00f5lg, t\u00e4iesti veekindel &#8211; vastupidav ja kasutamisele t\u00e4nuv\u00e4\u00e4rne. Kasutatakse k\u00e4rbesp\u00fc\u00fcgil, seda kasutatakse nii tiibade j\u00e4ljendamiseks, pagasiruumi kui ka \u00fcmbriste m\u00e4hkimiseks. See t\u00f6\u00f6tab sama h\u00e4sti ka m\u00e4rgade ja kuivade konstruktsioonide korral. See sobib igasuguseks v\u00e4rvimiseks.<\/p>\n<p>&nbsp;<\/p>","protected":false},"excerpt":{"rendered":"<p>Swiss Straw on suurep\u00e4rane s\u00fcnteetiline toode, mis asendab h\u00f5lpsasti raffia mis tahes k\u00e4rbsetes. See on omamoodi \u00f5lg, t\u00e4iesti veekindel &#8211;<\/p>\n","protected":false},"featured_media":8484,"template":"","meta":[],"pwb-brand":[367],"product_cat":[159],"product_tag":[1993],"class_list":{"0":"post-8478","1":"product","2":"type-product","3":"status-publish","4":"has-post-thumbnail","6":"pwb-brand-wapsi","7":"product_cat-body-materials","8":"product_tag-swiss-straw","10":"first","11":"instock","12":"sale","13":"taxable","14":"shipping-taxable","15":"purchasable","16":"product-type-variable"},"jetpack_sharing_enabled":true,"brands":[{"id":367,"name":"Wapsi","slug":"wapsi"}],"_links":{"self":[{"href":"https:\/\/tightline.ee\/et\/wp-json\/wp\/v2\/product\/8478","targetHints":{"allow":["GET"]}}],"collection":[{"href":"https:\/\/tightline.ee\/et\/wp-json\/wp\/v2\/product"}],"about":[{"href":"https:\/\/tightline.ee\/et\/wp-json\/wp\/v2\/types\/product"}],"wp:featuredmedia":[{"embeddable":true,"href":"https:\/\/tightline.ee\/et\/wp-json\/wp\/v2\/media\/8484"}],"wp:attachment":[{"href":"https:\/\/tightline.ee\/et\/wp-json\/wp\/v2\/media?parent=8478"}],"wp:term":[{"taxonomy":"pwb-brand","embeddable":true,"href":"https:\/\/tightline.ee\/et\/wp-json\/wp\/v2\/pwb-brand?post=8478"},{"taxonomy":"product_cat","embeddable":true,"href":"https:\/\/tightline.ee\/et\/wp-json\/wp\/v2\/product_cat?post=8478"},{"taxonomy":"product_tag","embeddable":true,"href":"https:\/\/tightline.ee\/et\/wp-json\/wp\/v2\/product_tag?post=8478"}],"curies":[{"name":"wp","href":"https:\/\/api.w.org\/{rel}","templated":true}]}}