{"id":8382,"date":"2019-10-17T16:21:44","date_gmt":"2019-10-17T13:21:44","guid":{"rendered":"https:\/\/tightline.ee\/?post_type=product&#038;p=8382"},"modified":"2025-07-18T12:41:10","modified_gmt":"2025-07-18T09:41:10","slug":"rayon-chenille","status":"publish","type":"product","link":"https:\/\/tightline.ee\/et\/toode\/rayon-chenille\/","title":{"rendered":"Rayon Chenille"},"content":{"rendered":"<p>Rayon Chenille on suurep\u00e4rane materjal paljude k\u00e4rbsemustrite jaoks. See on lihtne kehamaterjal, mida saab kasutada nii algajatele kui ka kogenud astmetele. Seda kasutatakse Woolly Buggersis, erinevates Steelheadi v\u00f6\u00f6tmetes, n\u00fcmfides ja m\u00e4rgades k\u00e4rbestes. L\u00e4bim\u00f5\u00f5t 4 mm.<\/p>\n<p><img loading=\"lazy\" decoding=\"async\" class=\"alignnone size-medium wp-image-8383\" src=\"https:\/\/tightline.ee\/wp-content\/uploads\/2019\/10\/woollybugger-300x300.jpg\" alt=\"\" width=\"300\" height=\"300\" srcset=\"https:\/\/tightline.ee\/wp-content\/uploads\/2019\/10\/woollybugger-300x300.jpg 300w, https:\/\/tightline.ee\/wp-content\/uploads\/2019\/10\/woollybugger-150x150.jpg 150w, https:\/\/tightline.ee\/wp-content\/uploads\/2019\/10\/woollybugger.jpg 500w\" sizes=\"auto, (max-width: 300px) 100vw, 300px\" \/><\/p>","protected":false},"excerpt":{"rendered":"<p>Rayon Chenille on suurep\u00e4rane materjal paljude k\u00e4rbsemustrite jaoks. See on lihtne kehamaterjal, mida saab kasutada nii algajatele kui ka kogenud<\/p>\n","protected":false},"featured_media":8384,"template":"","meta":[],"pwb-brand":[998,394],"product_cat":[158],"product_tag":[1954,1955],"class_list":{"0":"post-8382","1":"product","2":"type-product","3":"status-publish","4":"has-post-thumbnail","6":"pwb-brand-h2o","7":"pwb-brand-veniard","8":"product_cat-chenille-yarn-swiss-straw","9":"product_tag-chenille","10":"product_tag-rayon","12":"first","13":"instock","14":"taxable","15":"shipping-taxable","16":"purchasable","17":"product-type-variable"},"jetpack_sharing_enabled":true,"brands":[{"id":998,"name":"H2O","slug":"h2o"},{"id":394,"name":"Veniard","slug":"veniard"}],"_links":{"self":[{"href":"https:\/\/tightline.ee\/et\/wp-json\/wp\/v2\/product\/8382","targetHints":{"allow":["GET"]}}],"collection":[{"href":"https:\/\/tightline.ee\/et\/wp-json\/wp\/v2\/product"}],"about":[{"href":"https:\/\/tightline.ee\/et\/wp-json\/wp\/v2\/types\/product"}],"wp:featuredmedia":[{"embeddable":true,"href":"https:\/\/tightline.ee\/et\/wp-json\/wp\/v2\/media\/8384"}],"wp:attachment":[{"href":"https:\/\/tightline.ee\/et\/wp-json\/wp\/v2\/media?parent=8382"}],"wp:term":[{"taxonomy":"pwb-brand","embeddable":true,"href":"https:\/\/tightline.ee\/et\/wp-json\/wp\/v2\/pwb-brand?post=8382"},{"taxonomy":"product_cat","embeddable":true,"href":"https:\/\/tightline.ee\/et\/wp-json\/wp\/v2\/product_cat?post=8382"},{"taxonomy":"product_tag","embeddable":true,"href":"https:\/\/tightline.ee\/et\/wp-json\/wp\/v2\/product_tag?post=8382"}],"curies":[{"name":"wp","href":"https:\/\/api.w.org\/{rel}","templated":true}]}}