{"id":8373,"date":"2019-10-17T12:16:00","date_gmt":"2019-10-17T09:16:00","guid":{"rendered":"https:\/\/tightline.ee\/?post_type=product&#038;p=8373"},"modified":"2023-08-18T16:42:59","modified_gmt":"2023-08-18T13:42:59","slug":"larva-lace-salmo-supreme-dubbing","status":"publish","type":"product","link":"https:\/\/tightline.ee\/et\/toode\/larva-lace-salmo-supreme-dubbing\/","title":{"rendered":"Larva Lace Salmo Supreme Dubbing"},"content":{"rendered":"<p>Larva Lace Salmo Supreme on segu inglikarvadest ja kolmelibalistest nailonkiududest, mis loob \u201ev\u00fcrtsika\u201d efekti, kui dubbing teie v\u00f6\u00f6tme v\u00f5i teraspeaga kehadele<\/p>","protected":false},"excerpt":{"rendered":"<p>Larva Lace Salmo Supreme on segu inglikarvadest ja kolmelibalistest nailonkiududest, mis loob \u201ev\u00fcrtsika\u201d efekti, kui dubbing teie v\u00f6\u00f6tme v\u00f5i teraspeaga<\/p>\n","protected":false},"featured_media":8379,"template":"","meta":[],"pwb-brand":[1953],"product_cat":[161],"product_tag":[1162,1786],"class_list":{"0":"post-8373","1":"product","2":"type-product","3":"status-publish","4":"has-post-thumbnail","6":"pwb-brand-larva-lace","7":"product_cat-dubbing","8":"product_tag-dubbing","9":"product_tag-slf","11":"first","12":"outofstock","13":"taxable","14":"shipping-taxable","15":"product-type-variable"},"jetpack_sharing_enabled":true,"brands":[{"id":1953,"name":"Larva Lace","slug":"larva-lace"}],"_links":{"self":[{"href":"https:\/\/tightline.ee\/et\/wp-json\/wp\/v2\/product\/8373","targetHints":{"allow":["GET"]}}],"collection":[{"href":"https:\/\/tightline.ee\/et\/wp-json\/wp\/v2\/product"}],"about":[{"href":"https:\/\/tightline.ee\/et\/wp-json\/wp\/v2\/types\/product"}],"wp:featuredmedia":[{"embeddable":true,"href":"https:\/\/tightline.ee\/et\/wp-json\/wp\/v2\/media\/8379"}],"wp:attachment":[{"href":"https:\/\/tightline.ee\/et\/wp-json\/wp\/v2\/media?parent=8373"}],"wp:term":[{"taxonomy":"pwb-brand","embeddable":true,"href":"https:\/\/tightline.ee\/et\/wp-json\/wp\/v2\/pwb-brand?post=8373"},{"taxonomy":"product_cat","embeddable":true,"href":"https:\/\/tightline.ee\/et\/wp-json\/wp\/v2\/product_cat?post=8373"},{"taxonomy":"product_tag","embeddable":true,"href":"https:\/\/tightline.ee\/et\/wp-json\/wp\/v2\/product_tag?post=8373"}],"curies":[{"name":"wp","href":"https:\/\/api.w.org\/{rel}","templated":true}]}}