{"id":8362,"date":"2019-10-17T12:07:29","date_gmt":"2019-10-17T09:07:29","guid":{"rendered":"https:\/\/tightline.ee\/?post_type=product&#038;p=8362"},"modified":"2023-08-14T14:26:31","modified_gmt":"2023-08-14T11:26:31","slug":"slf-p-jorgensen-dubbing","status":"publish","type":"product","link":"https:\/\/tightline.ee\/et\/toode\/slf-p-jorgensen-dubbing\/","title":{"rendered":"SLF P.Jorgensen Dubbing"},"content":{"rendered":"<p>SLF on originaal s\u00fcnteetiline Living Fiber. Tohutult populaarne ja laialdaselt kasutatav ainulaadse pooll\u00e4bipaistva ja elutruu s\u00e4ra jaoks.<\/p>\n<p>Populaarne dubbing paljude n\u00fcmfide, l\u00f5he-, teraspea- ja forellik\u00e4rbeste jaoks.<\/p>\n<p>&nbsp;<\/p>","protected":false},"excerpt":{"rendered":"<p>SLF on originaal s\u00fcnteetiline Living Fiber. Tohutult populaarne ja laialdaselt kasutatav ainulaadse pooll\u00e4bipaistva ja elutruu s\u00e4ra jaoks. Populaarne dubbing paljude<\/p>\n","protected":false},"featured_media":8369,"template":"","meta":[],"pwb-brand":[367],"product_cat":[161],"product_tag":[1162,1786],"class_list":{"0":"post-8362","1":"product","2":"type-product","3":"status-publish","4":"has-post-thumbnail","6":"pwb-brand-wapsi","7":"product_cat-dubbing","8":"product_tag-dubbing","9":"product_tag-slf","11":"first","12":"instock","13":"sale","14":"taxable","15":"shipping-taxable","16":"purchasable","17":"product-type-variable"},"jetpack_sharing_enabled":true,"brands":[{"id":367,"name":"Wapsi","slug":"wapsi"}],"_links":{"self":[{"href":"https:\/\/tightline.ee\/et\/wp-json\/wp\/v2\/product\/8362","targetHints":{"allow":["GET"]}}],"collection":[{"href":"https:\/\/tightline.ee\/et\/wp-json\/wp\/v2\/product"}],"about":[{"href":"https:\/\/tightline.ee\/et\/wp-json\/wp\/v2\/types\/product"}],"wp:featuredmedia":[{"embeddable":true,"href":"https:\/\/tightline.ee\/et\/wp-json\/wp\/v2\/media\/8369"}],"wp:attachment":[{"href":"https:\/\/tightline.ee\/et\/wp-json\/wp\/v2\/media?parent=8362"}],"wp:term":[{"taxonomy":"pwb-brand","embeddable":true,"href":"https:\/\/tightline.ee\/et\/wp-json\/wp\/v2\/pwb-brand?post=8362"},{"taxonomy":"product_cat","embeddable":true,"href":"https:\/\/tightline.ee\/et\/wp-json\/wp\/v2\/product_cat?post=8362"},{"taxonomy":"product_tag","embeddable":true,"href":"https:\/\/tightline.ee\/et\/wp-json\/wp\/v2\/product_tag?post=8362"}],"curies":[{"name":"wp","href":"https:\/\/api.w.org\/{rel}","templated":true}]}}