{"id":8348,"date":"2019-10-17T11:50:01","date_gmt":"2019-10-17T08:50:01","guid":{"rendered":"https:\/\/tightline.ee\/?post_type=product&#038;p=8348"},"modified":"2020-02-27T23:07:49","modified_gmt":"2020-02-27T21:07:49","slug":"slf-davy-wotton-standard-dubbing","status":"publish","type":"product","link":"https:\/\/tightline.ee\/et\/toode\/slf-davy-wotton-standard-dubbing\/","title":{"rendered":"SLF Davy Wotton Standard Dubbing"},"content":{"rendered":"<p>SLF Standard on originaal s\u00fcnteetiline Living Fiber. Tohutult populaarne ja laialdaselt kasutatav ainulaadse pooll\u00e4bipaistva ja elutruu s\u00e4ra jaoks.<\/p>\n<p>&nbsp;<\/p>","protected":false},"excerpt":{"rendered":"<p>SLF Standard on originaal s\u00fcnteetiline Living Fiber. Tohutult populaarne ja laialdaselt kasutatav ainulaadse pooll\u00e4bipaistva ja elutruu s\u00e4ra jaoks. &nbsp;<\/p>\n","protected":false},"featured_media":8355,"template":"","meta":[],"pwb-brand":[367],"product_cat":[161],"product_tag":[1162,1786,1947],"class_list":{"0":"post-8348","1":"product","2":"type-product","3":"status-publish","4":"has-post-thumbnail","6":"pwb-brand-wapsi","7":"product_cat-dubbing","8":"product_tag-dubbing","9":"product_tag-slf","10":"product_tag-standart","12":"first","13":"instock","14":"taxable","15":"shipping-taxable","16":"purchasable","17":"product-type-variable"},"jetpack_sharing_enabled":true,"brands":[{"id":367,"name":"Wapsi","slug":"wapsi"}],"_links":{"self":[{"href":"https:\/\/tightline.ee\/et\/wp-json\/wp\/v2\/product\/8348","targetHints":{"allow":["GET"]}}],"collection":[{"href":"https:\/\/tightline.ee\/et\/wp-json\/wp\/v2\/product"}],"about":[{"href":"https:\/\/tightline.ee\/et\/wp-json\/wp\/v2\/types\/product"}],"wp:featuredmedia":[{"embeddable":true,"href":"https:\/\/tightline.ee\/et\/wp-json\/wp\/v2\/media\/8355"}],"wp:attachment":[{"href":"https:\/\/tightline.ee\/et\/wp-json\/wp\/v2\/media?parent=8348"}],"wp:term":[{"taxonomy":"pwb-brand","embeddable":true,"href":"https:\/\/tightline.ee\/et\/wp-json\/wp\/v2\/pwb-brand?post=8348"},{"taxonomy":"product_cat","embeddable":true,"href":"https:\/\/tightline.ee\/et\/wp-json\/wp\/v2\/product_cat?post=8348"},{"taxonomy":"product_tag","embeddable":true,"href":"https:\/\/tightline.ee\/et\/wp-json\/wp\/v2\/product_tag?post=8348"}],"curies":[{"name":"wp","href":"https:\/\/api.w.org\/{rel}","templated":true}]}}