{"id":8334,"date":"2019-10-17T11:09:44","date_gmt":"2019-10-17T08:09:44","guid":{"rendered":"https:\/\/tightline.ee\/?post_type=product&#038;p=8334"},"modified":"2024-01-20T00:47:16","modified_gmt":"2024-01-19T22:47:16","slug":"angora-goat-dubbing","status":"publish","type":"product","link":"https:\/\/tightline.ee\/et\/toode\/angora-goat-dubbing\/","title":{"rendered":"Angora Goat Dubbing"},"content":{"rendered":"<p>Populaarne h\u00fclgeasendajana. Selle j\u00e4meda ja kileda kiu l\u00e4bipaistmatus on eba\u00fchtlane. Sobib paljudele l\u00f5he- ja teraspea mustritele, aga ka suurele n\u00fcmfile.<\/p>\n<p>&nbsp;<\/p>","protected":false},"excerpt":{"rendered":"<p>Populaarne h\u00fclgeasendajana. Selle j\u00e4meda ja kileda kiu l\u00e4bipaistmatus on eba\u00fchtlane. Sobib paljudele l\u00f5he- ja teraspea mustritele, aga ka suurele n\u00fcmfile.<\/p>\n","protected":false},"featured_media":8335,"template":"","meta":[],"pwb-brand":[1789,367],"product_cat":[161],"product_tag":[1779,1162],"class_list":{"0":"post-8334","1":"product","2":"type-product","3":"status-publish","4":"has-post-thumbnail","6":"pwb-brand-sybai","7":"pwb-brand-wapsi","8":"product_cat-dubbing","9":"product_tag-angora","10":"product_tag-dubbing","12":"first","13":"instock","14":"taxable","15":"shipping-taxable","16":"purchasable","17":"product-type-variable"},"jetpack_sharing_enabled":true,"brands":[{"id":1789,"name":"Sybai","slug":"sybai"},{"id":367,"name":"Wapsi","slug":"wapsi"}],"_links":{"self":[{"href":"https:\/\/tightline.ee\/et\/wp-json\/wp\/v2\/product\/8334","targetHints":{"allow":["GET"]}}],"collection":[{"href":"https:\/\/tightline.ee\/et\/wp-json\/wp\/v2\/product"}],"about":[{"href":"https:\/\/tightline.ee\/et\/wp-json\/wp\/v2\/types\/product"}],"wp:featuredmedia":[{"embeddable":true,"href":"https:\/\/tightline.ee\/et\/wp-json\/wp\/v2\/media\/8335"}],"wp:attachment":[{"href":"https:\/\/tightline.ee\/et\/wp-json\/wp\/v2\/media?parent=8334"}],"wp:term":[{"taxonomy":"pwb-brand","embeddable":true,"href":"https:\/\/tightline.ee\/et\/wp-json\/wp\/v2\/pwb-brand?post=8334"},{"taxonomy":"product_cat","embeddable":true,"href":"https:\/\/tightline.ee\/et\/wp-json\/wp\/v2\/product_cat?post=8334"},{"taxonomy":"product_tag","embeddable":true,"href":"https:\/\/tightline.ee\/et\/wp-json\/wp\/v2\/product_tag?post=8334"}],"curies":[{"name":"wp","href":"https:\/\/api.w.org\/{rel}","templated":true}]}}