{"id":8303,"date":"2019-10-16T21:56:43","date_gmt":"2019-10-16T18:56:43","guid":{"rendered":"https:\/\/tightline.ee\/?post_type=product&#038;p=8303"},"modified":"2025-10-06T11:46:41","modified_gmt":"2025-10-06T08:46:41","slug":"lite-brite-dubbing","status":"publish","type":"product","link":"https:\/\/tightline.ee\/et\/toode\/lite-brite-dubbing\/","title":{"rendered":"Lite-Brite Dubbing"},"content":{"rendered":"<p>100% s\u00fcnteetiline flashabou tekstuuriga dubbing. \u00dcksik n\u00f5lv on tasane ja 4\u20138 sentimeetrit pikk. Lite Brite dubbing saab segada teiste dubbbing materjalidega. Selle tasane ja l\u00e4ikiv pind muudab selle ideaalseks l\u00e4ikiva soolase vee, vooderdiste ja m\u00e4rgade k\u00e4rbeste kiireks moodustamiseks.<\/p>","protected":false},"excerpt":{"rendered":"<p>100% s\u00fcnteetiline flashabou tekstuuriga dubbing. \u00dcksik n\u00f5lv on tasane ja 4\u20138 sentimeetrit pikk. Lite Brite dubbing saab segada teiste dubbbing<\/p>\n","protected":false},"featured_media":8313,"template":"","meta":[],"pwb-brand":[1937],"product_cat":[161],"product_tag":[1050,1926,1150,817],"class_list":{"0":"post-8303","1":"product","2":"type-product","3":"status-publish","4":"has-post-thumbnail","6":"pwb-brand-spirit-river","7":"product_cat-dubbing","8":"product_tag-flashabou","9":"product_tag-lite-brite","10":"product_tag-synthetics","11":"product_tag-tinsel","13":"first","14":"instock","15":"sale","16":"taxable","17":"shipping-taxable","18":"purchasable","19":"product-type-variable"},"jetpack_sharing_enabled":true,"brands":[{"id":1937,"name":"Spirit River","slug":"spirit-river"}],"_links":{"self":[{"href":"https:\/\/tightline.ee\/et\/wp-json\/wp\/v2\/product\/8303","targetHints":{"allow":["GET"]}}],"collection":[{"href":"https:\/\/tightline.ee\/et\/wp-json\/wp\/v2\/product"}],"about":[{"href":"https:\/\/tightline.ee\/et\/wp-json\/wp\/v2\/types\/product"}],"wp:featuredmedia":[{"embeddable":true,"href":"https:\/\/tightline.ee\/et\/wp-json\/wp\/v2\/media\/8313"}],"wp:attachment":[{"href":"https:\/\/tightline.ee\/et\/wp-json\/wp\/v2\/media?parent=8303"}],"wp:term":[{"taxonomy":"pwb-brand","embeddable":true,"href":"https:\/\/tightline.ee\/et\/wp-json\/wp\/v2\/pwb-brand?post=8303"},{"taxonomy":"product_cat","embeddable":true,"href":"https:\/\/tightline.ee\/et\/wp-json\/wp\/v2\/product_cat?post=8303"},{"taxonomy":"product_tag","embeddable":true,"href":"https:\/\/tightline.ee\/et\/wp-json\/wp\/v2\/product_tag?post=8303"}],"curies":[{"name":"wp","href":"https:\/\/api.w.org\/{rel}","templated":true}]}}