{"id":8264,"date":"2019-10-16T21:06:58","date_gmt":"2019-10-16T18:06:58","guid":{"rendered":"https:\/\/tightline.ee\/?post_type=product&#038;p=8264"},"modified":"2023-03-22T09:05:44","modified_gmt":"2023-03-22T07:05:44","slug":"seals-fur-dubbing","status":"publish","type":"product","link":"https:\/\/tightline.ee\/et\/toode\/seals-fur-dubbing\/","title":{"rendered":"Seals Fur Dubbing"},"content":{"rendered":"<p>Pitseri looduslik aluskiht. Seda kasutatakse l\u00f5he, forellik\u00e4rbeste, aga ka suurte n\u00fcmfide kudumiseks.<\/p>","protected":false},"excerpt":{"rendered":"<p>Pitseri looduslik aluskiht. Seda kasutatakse l\u00f5he, forellik\u00e4rbeste, aga ka suurte n\u00fcmfide kudumiseks.<\/p>\n","protected":false},"featured_media":8293,"template":"","meta":[],"pwb-brand":[394],"product_cat":[161],"product_tag":[433,1817,1925,1923,1924],"class_list":{"0":"post-8264","1":"product","2":"type-product","3":"status-publish","4":"has-post-thumbnail","6":"pwb-brand-veniard","7":"product_cat-dubbing","8":"product_tag-fur","9":"product_tag-natural","10":"product_tag-pitser","11":"product_tag-seals","12":"product_tag-1924","14":"first","15":"instock","16":"taxable","17":"shipping-taxable","18":"purchasable","19":"product-type-variable"},"jetpack_sharing_enabled":true,"brands":[{"id":394,"name":"Veniard","slug":"veniard"}],"_links":{"self":[{"href":"https:\/\/tightline.ee\/et\/wp-json\/wp\/v2\/product\/8264","targetHints":{"allow":["GET"]}}],"collection":[{"href":"https:\/\/tightline.ee\/et\/wp-json\/wp\/v2\/product"}],"about":[{"href":"https:\/\/tightline.ee\/et\/wp-json\/wp\/v2\/types\/product"}],"wp:featuredmedia":[{"embeddable":true,"href":"https:\/\/tightline.ee\/et\/wp-json\/wp\/v2\/media\/8293"}],"wp:attachment":[{"href":"https:\/\/tightline.ee\/et\/wp-json\/wp\/v2\/media?parent=8264"}],"wp:term":[{"taxonomy":"pwb-brand","embeddable":true,"href":"https:\/\/tightline.ee\/et\/wp-json\/wp\/v2\/pwb-brand?post=8264"},{"taxonomy":"product_cat","embeddable":true,"href":"https:\/\/tightline.ee\/et\/wp-json\/wp\/v2\/product_cat?post=8264"},{"taxonomy":"product_tag","embeddable":true,"href":"https:\/\/tightline.ee\/et\/wp-json\/wp\/v2\/product_tag?post=8264"}],"curies":[{"name":"wp","href":"https:\/\/api.w.org\/{rel}","templated":true}]}}