{"id":8217,"date":"2019-10-16T20:54:08","date_gmt":"2019-10-16T17:54:08","guid":{"rendered":"https:\/\/tightline.ee\/?post_type=product&#038;p=8217"},"modified":"2025-07-05T23:56:19","modified_gmt":"2025-07-05T20:56:19","slug":"fly-rite-extra-fine-poly-dubbing-colors-31-46","status":"publish","type":"product","link":"https:\/\/tightline.ee\/et\/toode\/fly-rite-extra-fine-poly-dubbing-colors-31-46\/","title":{"rendered":"Fly-Rite Extra Fine Poly Dubbing Colors 31-46"},"content":{"rendered":"<p>FLY-RITE on parim pol\u00fc-dubbing k\u00f5ikjal, kuna see on parim pol\u00fc k\u00f5ikjal, p\u00f5hiv\u00e4rvid on teravad ja t\u00f5elised ning putukate ja mustriv\u00e4rvid on iga kord \u201c\u00f5igel kohal\u201d<br \/>\nV\u00f5ib kasutada ka igat t\u00fc\u00fcpi niisketes ja n\u00fcmfkehades.<\/p>","protected":false},"excerpt":{"rendered":"<p>FLY-RITE on parim pol\u00fc-dubbing k\u00f5ikjal, kuna see on parim pol\u00fc k\u00f5ikjal, p\u00f5hiv\u00e4rvid on teravad ja t\u00f5elised ning putukate ja mustriv\u00e4rvid<\/p>\n","protected":false},"featured_media":8066,"template":"","meta":[],"pwb-brand":[1794],"product_cat":[161],"product_tag":[580,1845],"class_list":{"0":"post-8217","1":"product","2":"type-product","3":"status-publish","4":"has-post-thumbnail","6":"pwb-brand-fly-rite-2","7":"product_cat-dubbing","8":"product_tag-dry-fly","9":"product_tag-super-fine","11":"first","12":"instock","13":"taxable","14":"shipping-taxable","15":"purchasable","16":"product-type-variable"},"jetpack_sharing_enabled":true,"brands":[{"id":1794,"name":"Fly-Rite","slug":"fly-rite-2"}],"_links":{"self":[{"href":"https:\/\/tightline.ee\/et\/wp-json\/wp\/v2\/product\/8217","targetHints":{"allow":["GET"]}}],"collection":[{"href":"https:\/\/tightline.ee\/et\/wp-json\/wp\/v2\/product"}],"about":[{"href":"https:\/\/tightline.ee\/et\/wp-json\/wp\/v2\/types\/product"}],"wp:featuredmedia":[{"embeddable":true,"href":"https:\/\/tightline.ee\/et\/wp-json\/wp\/v2\/media\/8066"}],"wp:attachment":[{"href":"https:\/\/tightline.ee\/et\/wp-json\/wp\/v2\/media?parent=8217"}],"wp:term":[{"taxonomy":"pwb-brand","embeddable":true,"href":"https:\/\/tightline.ee\/et\/wp-json\/wp\/v2\/pwb-brand?post=8217"},{"taxonomy":"product_cat","embeddable":true,"href":"https:\/\/tightline.ee\/et\/wp-json\/wp\/v2\/product_cat?post=8217"},{"taxonomy":"product_tag","embeddable":true,"href":"https:\/\/tightline.ee\/et\/wp-json\/wp\/v2\/product_tag?post=8217"}],"curies":[{"name":"wp","href":"https:\/\/api.w.org\/{rel}","templated":true}]}}