{"id":8154,"date":"2019-10-16T16:45:22","date_gmt":"2019-10-16T13:45:22","guid":{"rendered":"https:\/\/tightline.ee\/?post_type=product&#038;p=8154"},"modified":"2023-07-23T12:42:19","modified_gmt":"2023-07-23T09:42:19","slug":"antron-dubbing","status":"publish","type":"product","link":"https:\/\/tightline.ee\/et\/toode\/antron-dubbing\/","title":{"rendered":"Antron  Dubbing"},"content":{"rendered":"<p>See pooll\u00e4bipaistev ja peegeldav trilobaalkiud lisab igale k\u00e4rbsekesele s\u00e4det. Kasutage seda ise v\u00f5i segage teiste dubbingud.<\/p>\n<p>&nbsp;<\/p>","protected":false},"excerpt":{"rendered":"<p>See pooll\u00e4bipaistev ja peegeldav trilobaalkiud lisab igale k\u00e4rbsekesele s\u00e4det. Kasutage seda ise v\u00f5i segage teiste dubbingud. &nbsp;<\/p>\n","protected":false},"featured_media":8169,"template":"","meta":[],"pwb-brand":[394],"product_cat":[161],"product_tag":[1785,1162,1783],"class_list":{"0":"post-8154","1":"product","2":"type-product","3":"status-publish","4":"has-post-thumbnail","6":"pwb-brand-veniard","7":"product_cat-dubbing","8":"product_tag-antron","9":"product_tag-dubbing","10":"product_tag-1783","12":"first","13":"instock","14":"taxable","15":"shipping-taxable","16":"purchasable","17":"product-type-variable"},"jetpack_sharing_enabled":true,"brands":[{"id":394,"name":"Veniard","slug":"veniard"}],"_links":{"self":[{"href":"https:\/\/tightline.ee\/et\/wp-json\/wp\/v2\/product\/8154","targetHints":{"allow":["GET"]}}],"collection":[{"href":"https:\/\/tightline.ee\/et\/wp-json\/wp\/v2\/product"}],"about":[{"href":"https:\/\/tightline.ee\/et\/wp-json\/wp\/v2\/types\/product"}],"wp:featuredmedia":[{"embeddable":true,"href":"https:\/\/tightline.ee\/et\/wp-json\/wp\/v2\/media\/8169"}],"wp:attachment":[{"href":"https:\/\/tightline.ee\/et\/wp-json\/wp\/v2\/media?parent=8154"}],"wp:term":[{"taxonomy":"pwb-brand","embeddable":true,"href":"https:\/\/tightline.ee\/et\/wp-json\/wp\/v2\/pwb-brand?post=8154"},{"taxonomy":"product_cat","embeddable":true,"href":"https:\/\/tightline.ee\/et\/wp-json\/wp\/v2\/product_cat?post=8154"},{"taxonomy":"product_tag","embeddable":true,"href":"https:\/\/tightline.ee\/et\/wp-json\/wp\/v2\/product_tag?post=8154"}],"curies":[{"name":"wp","href":"https:\/\/api.w.org\/{rel}","templated":true}]}}