{"id":7970,"date":"2019-10-16T09:52:57","date_gmt":"2019-10-16T06:52:57","guid":{"rendered":"https:\/\/tightline.ee\/?post_type=product&#038;p=7970"},"modified":"2025-05-29T07:25:15","modified_gmt":"2025-05-29T04:25:15","slug":"super-fine-dry-fly-dubbing","status":"publish","type":"product","link":"https:\/\/tightline.ee\/et\/toode\/super-fine-dry-fly-dubbing\/","title":{"rendered":"Super Fine Dry Fly Dubbing"},"content":{"rendered":"<p>See on suurep\u00e4rane, pehme, p\u00fcsivalt veekindla kuivk\u00e4rbse dubbing.<br \/>\nV\u00f5ib kasutada ka igat t\u00fc\u00fcpi niisketes ja n\u00fcmfkehades.<\/p>","protected":false},"excerpt":{"rendered":"<p>See on suurep\u00e4rane, pehme, p\u00fcsivalt veekindla kuivk\u00e4rbse dubbing. V\u00f5ib kasutada ka igat t\u00fc\u00fcpi niisketes ja n\u00fcmfkehades.<\/p>\n","protected":false},"featured_media":7978,"template":"","meta":[],"pwb-brand":[367],"product_cat":[161],"product_tag":[580,1845],"class_list":{"0":"post-7970","1":"product","2":"type-product","3":"status-publish","4":"has-post-thumbnail","6":"pwb-brand-wapsi","7":"product_cat-dubbing","8":"product_tag-dry-fly","9":"product_tag-super-fine","11":"first","12":"instock","13":"taxable","14":"shipping-taxable","15":"purchasable","16":"product-type-variable"},"jetpack_sharing_enabled":true,"brands":[{"id":367,"name":"Wapsi","slug":"wapsi"}],"_links":{"self":[{"href":"https:\/\/tightline.ee\/et\/wp-json\/wp\/v2\/product\/7970","targetHints":{"allow":["GET"]}}],"collection":[{"href":"https:\/\/tightline.ee\/et\/wp-json\/wp\/v2\/product"}],"about":[{"href":"https:\/\/tightline.ee\/et\/wp-json\/wp\/v2\/types\/product"}],"wp:featuredmedia":[{"embeddable":true,"href":"https:\/\/tightline.ee\/et\/wp-json\/wp\/v2\/media\/7978"}],"wp:attachment":[{"href":"https:\/\/tightline.ee\/et\/wp-json\/wp\/v2\/media?parent=7970"}],"wp:term":[{"taxonomy":"pwb-brand","embeddable":true,"href":"https:\/\/tightline.ee\/et\/wp-json\/wp\/v2\/pwb-brand?post=7970"},{"taxonomy":"product_cat","embeddable":true,"href":"https:\/\/tightline.ee\/et\/wp-json\/wp\/v2\/product_cat?post=7970"},{"taxonomy":"product_tag","embeddable":true,"href":"https:\/\/tightline.ee\/et\/wp-json\/wp\/v2\/product_tag?post=7970"}],"curies":[{"name":"wp","href":"https:\/\/api.w.org\/{rel}","templated":true}]}}