{"id":7894,"date":"2019-10-15T21:48:17","date_gmt":"2019-10-15T18:48:17","guid":{"rendered":"https:\/\/tightline.ee\/?post_type=product&#038;p=7894"},"modified":"2025-05-24T15:26:42","modified_gmt":"2025-05-24T12:26:42","slug":"life-cycle-dubbing","status":"publish","type":"product","link":"https:\/\/tightline.ee\/et\/toode\/life-cycle-dubbing\/","title":{"rendered":"Life Cycle Dubbing"},"content":{"rendered":"<p>Naturaalsed karusnahad koos spetsiaalsete Super Bright varjunditega, mis on ette n\u00e4htud oja k\u00f5ige tavalisemate putukate j\u00e4ljendamiseks.<br \/>\nLisab elulist s\u00e4delust k\u00f5igile k\u00e4rbestele.<\/p>","protected":false},"excerpt":{"rendered":"<p>Naturaalsed karusnahad koos spetsiaalsete Super Bright varjunditega, mis on ette n\u00e4htud oja k\u00f5ige tavalisemate putukate j\u00e4ljendamiseks. Lisab elulist s\u00e4delust k\u00f5igile<\/p>\n","protected":false},"featured_media":7895,"template":"","meta":[],"pwb-brand":[367],"product_cat":[161],"product_tag":[1816,1817],"class_list":{"0":"post-7894","1":"product","2":"type-product","3":"status-publish","4":"has-post-thumbnail","6":"pwb-brand-wapsi","7":"product_cat-dubbing","8":"product_tag-life-cycle","9":"product_tag-natural","11":"first","12":"instock","13":"sale","14":"taxable","15":"shipping-taxable","16":"purchasable","17":"product-type-variable"},"jetpack_sharing_enabled":true,"brands":[{"id":367,"name":"Wapsi","slug":"wapsi"}],"_links":{"self":[{"href":"https:\/\/tightline.ee\/et\/wp-json\/wp\/v2\/product\/7894","targetHints":{"allow":["GET"]}}],"collection":[{"href":"https:\/\/tightline.ee\/et\/wp-json\/wp\/v2\/product"}],"about":[{"href":"https:\/\/tightline.ee\/et\/wp-json\/wp\/v2\/types\/product"}],"wp:featuredmedia":[{"embeddable":true,"href":"https:\/\/tightline.ee\/et\/wp-json\/wp\/v2\/media\/7895"}],"wp:attachment":[{"href":"https:\/\/tightline.ee\/et\/wp-json\/wp\/v2\/media?parent=7894"}],"wp:term":[{"taxonomy":"pwb-brand","embeddable":true,"href":"https:\/\/tightline.ee\/et\/wp-json\/wp\/v2\/pwb-brand?post=7894"},{"taxonomy":"product_cat","embeddable":true,"href":"https:\/\/tightline.ee\/et\/wp-json\/wp\/v2\/product_cat?post=7894"},{"taxonomy":"product_tag","embeddable":true,"href":"https:\/\/tightline.ee\/et\/wp-json\/wp\/v2\/product_tag?post=7894"}],"curies":[{"name":"wp","href":"https:\/\/api.w.org\/{rel}","templated":true}]}}