{"id":7869,"date":"2019-10-15T17:16:29","date_gmt":"2019-10-15T14:16:29","guid":{"rendered":"https:\/\/tightline.ee\/?post_type=product&#038;p=7869"},"modified":"2024-04-30T10:18:18","modified_gmt":"2024-04-30T07:18:18","slug":"fly-rite-extra-fine-poly-dubbing-1-12-color-dubbing-dispenser","status":"publish","type":"product","link":"https:\/\/tightline.ee\/et\/toode\/fly-rite-extra-fine-poly-dubbing-1-12-color-dubbing-dispenser\/","title":{"rendered":"Fly-Rite Extra Fine Poly Dubbing #1 &#8211; 12 Color Dubbing Dispenser"},"content":{"rendered":"<p>FLY-RITE on parim pol\u00fc-dubbing k\u00f5ikjal, kuna see on parim pol\u00fc k\u00f5ikjal, p\u00f5hiv\u00e4rvid on teravad ja t\u00f5elised ning putukate ja mustriv\u00e4rvid on iga kord &#8220;\u00f5igel kohal&#8221;<\/p>\n<p>Colors:<\/p>\n<p class=\"p1\">1 White, 2 Black, 3 Dark Olive , 4 Bright Yellow, 5 Rust, 6 Chocolate Brown, 7 Dark Grey, 8 Golden Olive, 9 Golden Olive, 10 Blue Wing Olive, 11 Orange, 12 Cream<\/p>\n<p><\/p>","protected":false},"excerpt":{"rendered":"<p>FLY-RITE on parim pol\u00fc-dubbing k\u00f5ikjal, kuna see on parim pol\u00fc k\u00f5ikjal, p\u00f5hiv\u00e4rvid on teravad ja t\u00f5elised ning putukate ja mustriv\u00e4rvid<\/p>\n","protected":false},"featured_media":7870,"template":"","meta":[],"pwb-brand":[1794],"product_cat":[1784,161],"product_tag":[1781,1782,1780,1162,1795,1796],"class_list":{"0":"post-7869","1":"product","2":"type-product","3":"status-publish","4":"has-post-thumbnail","6":"pwb-brand-fly-rite-2","7":"product_cat-dubbing-dispenser","8":"product_cat-dubbing","9":"product_tag-12-color","10":"product_tag-assortment","11":"product_tag-dispenser","12":"product_tag-dubbing","13":"product_tag-poly","14":"product_tag-polydubbing","16":"first","17":"outofstock","18":"sale","19":"taxable","20":"shipping-taxable","21":"purchasable","22":"product-type-simple"},"jetpack_sharing_enabled":true,"brands":[{"id":1794,"name":"Fly-Rite","slug":"fly-rite-2"}],"_links":{"self":[{"href":"https:\/\/tightline.ee\/et\/wp-json\/wp\/v2\/product\/7869","targetHints":{"allow":["GET"]}}],"collection":[{"href":"https:\/\/tightline.ee\/et\/wp-json\/wp\/v2\/product"}],"about":[{"href":"https:\/\/tightline.ee\/et\/wp-json\/wp\/v2\/types\/product"}],"wp:featuredmedia":[{"embeddable":true,"href":"https:\/\/tightline.ee\/et\/wp-json\/wp\/v2\/media\/7870"}],"wp:attachment":[{"href":"https:\/\/tightline.ee\/et\/wp-json\/wp\/v2\/media?parent=7869"}],"wp:term":[{"taxonomy":"pwb-brand","embeddable":true,"href":"https:\/\/tightline.ee\/et\/wp-json\/wp\/v2\/pwb-brand?post=7869"},{"taxonomy":"product_cat","embeddable":true,"href":"https:\/\/tightline.ee\/et\/wp-json\/wp\/v2\/product_cat?post=7869"},{"taxonomy":"product_tag","embeddable":true,"href":"https:\/\/tightline.ee\/et\/wp-json\/wp\/v2\/product_tag?post=7869"}],"curies":[{"name":"wp","href":"https:\/\/api.w.org\/{rel}","templated":true}]}}