{"id":7865,"date":"2019-10-15T16:54:01","date_gmt":"2019-10-15T13:54:01","guid":{"rendered":"https:\/\/tightline.ee\/?post_type=product&#038;p=7865"},"modified":"2024-07-19T16:12:40","modified_gmt":"2024-07-19T13:12:40","slug":"fine-uv-ice-dark-10-color-dubbing-dispenser","status":"publish","type":"product","link":"https:\/\/tightline.ee\/et\/toode\/fine-uv-ice-dark-10-color-dubbing-dispenser\/","title":{"rendered":"Fine UV Ice Dark &#8211; 10 Color Dubbing Dispenser"},"content":{"rendered":"<p>Peen l\u00e4bim\u00f5\u00f5t. Flashabou tekstuuriga s\u00fcnteetiline dubbing. Sinine-lilla-roheline kuma.<\/p>","protected":false},"excerpt":{"rendered":"<p>Peen l\u00e4bim\u00f5\u00f5t. Flashabou tekstuuriga s\u00fcnteetiline dubbing. Sinine-lilla-roheline kuma.<\/p>\n","protected":false},"featured_media":7866,"template":"","meta":[],"pwb-brand":[1789],"product_cat":[1784,161],"product_tag":[1790,1782,1780,1162,1791,1792,1793],"class_list":{"0":"post-7865","1":"product","2":"type-product","3":"status-publish","4":"has-post-thumbnail","6":"pwb-brand-sybai","7":"product_cat-dubbing-dispenser","8":"product_cat-dubbing","9":"product_tag-10-color","10":"product_tag-assortment","11":"product_tag-dispenser","12":"product_tag-dubbing","13":"product_tag-fine","14":"product_tag-ice","15":"product_tag-ice-dub","17":"first","18":"outofstock","19":"sale","20":"taxable","21":"shipping-taxable","22":"purchasable","23":"product-type-simple"},"jetpack_sharing_enabled":true,"brands":[{"id":1789,"name":"Sybai","slug":"sybai"}],"_links":{"self":[{"href":"https:\/\/tightline.ee\/et\/wp-json\/wp\/v2\/product\/7865","targetHints":{"allow":["GET"]}}],"collection":[{"href":"https:\/\/tightline.ee\/et\/wp-json\/wp\/v2\/product"}],"about":[{"href":"https:\/\/tightline.ee\/et\/wp-json\/wp\/v2\/types\/product"}],"wp:featuredmedia":[{"embeddable":true,"href":"https:\/\/tightline.ee\/et\/wp-json\/wp\/v2\/media\/7866"}],"wp:attachment":[{"href":"https:\/\/tightline.ee\/et\/wp-json\/wp\/v2\/media?parent=7865"}],"wp:term":[{"taxonomy":"pwb-brand","embeddable":true,"href":"https:\/\/tightline.ee\/et\/wp-json\/wp\/v2\/pwb-brand?post=7865"},{"taxonomy":"product_cat","embeddable":true,"href":"https:\/\/tightline.ee\/et\/wp-json\/wp\/v2\/product_cat?post=7865"},{"taxonomy":"product_tag","embeddable":true,"href":"https:\/\/tightline.ee\/et\/wp-json\/wp\/v2\/product_tag?post=7865"}],"curies":[{"name":"wp","href":"https:\/\/api.w.org\/{rel}","templated":true}]}}