{"id":7863,"date":"2019-10-15T16:53:02","date_gmt":"2019-10-15T13:53:02","guid":{"rendered":"https:\/\/tightline.ee\/?post_type=product&#038;p=7863"},"modified":"2026-01-12T15:44:07","modified_gmt":"2026-01-12T13:44:07","slug":"fine-super-uv-dark-10-color-dubbing-dispenser","status":"publish","type":"product","link":"https:\/\/tightline.ee\/et\/toode\/fine-super-uv-dark-10-color-dubbing-dispenser\/","title":{"rendered":"Fine Super UV Dark &#8211; 10 Color Dubbing Dispenser"},"content":{"rendered":"<p>Peen l\u00e4bim\u00f5\u00f5t. Flashabou tekstuuriga s\u00fcnteetiline dubbing. UV-kuma.<\/p>","protected":false},"excerpt":{"rendered":"<p>Peen l\u00e4bim\u00f5\u00f5t. Flashabou tekstuuriga s\u00fcnteetiline dubbing. UV-kuma.<\/p>\n","protected":false},"featured_media":7864,"template":"","meta":[],"pwb-brand":[1789],"product_cat":[1784,161],"product_tag":[1790,1782,1780,1162,1791,766],"class_list":{"0":"post-7863","1":"product","2":"type-product","3":"status-publish","4":"has-post-thumbnail","6":"pwb-brand-sybai","7":"product_cat-dubbing-dispenser","8":"product_cat-dubbing","9":"product_tag-10-color","10":"product_tag-assortment","11":"product_tag-dispenser","12":"product_tag-dubbing","13":"product_tag-fine","14":"product_tag-uv","16":"first","17":"instock","18":"sale","19":"taxable","20":"shipping-taxable","21":"purchasable","22":"product-type-simple"},"jetpack_sharing_enabled":true,"brands":[{"id":1789,"name":"Sybai","slug":"sybai"}],"_links":{"self":[{"href":"https:\/\/tightline.ee\/et\/wp-json\/wp\/v2\/product\/7863","targetHints":{"allow":["GET"]}}],"collection":[{"href":"https:\/\/tightline.ee\/et\/wp-json\/wp\/v2\/product"}],"about":[{"href":"https:\/\/tightline.ee\/et\/wp-json\/wp\/v2\/types\/product"}],"wp:featuredmedia":[{"embeddable":true,"href":"https:\/\/tightline.ee\/et\/wp-json\/wp\/v2\/media\/7864"}],"wp:attachment":[{"href":"https:\/\/tightline.ee\/et\/wp-json\/wp\/v2\/media?parent=7863"}],"wp:term":[{"taxonomy":"pwb-brand","embeddable":true,"href":"https:\/\/tightline.ee\/et\/wp-json\/wp\/v2\/pwb-brand?post=7863"},{"taxonomy":"product_cat","embeddable":true,"href":"https:\/\/tightline.ee\/et\/wp-json\/wp\/v2\/product_cat?post=7863"},{"taxonomy":"product_tag","embeddable":true,"href":"https:\/\/tightline.ee\/et\/wp-json\/wp\/v2\/product_tag?post=7863"}],"curies":[{"name":"wp","href":"https:\/\/api.w.org\/{rel}","templated":true}]}}