{"id":7859,"date":"2019-10-15T16:18:11","date_gmt":"2019-10-15T13:18:11","guid":{"rendered":"https:\/\/tightline.ee\/?post_type=product&#038;p=7859"},"modified":"2021-01-17T16:08:55","modified_gmt":"2021-01-17T14:08:55","slug":"cdc-frankie-mcphillips-12-color-dubbing-dispenser","status":"publish","type":"product","link":"https:\/\/tightline.ee\/et\/toode\/cdc-frankie-mcphillips-12-color-dubbing-dispenser\/","title":{"rendered":"CDC Frankie McPhillips &#8211; 12 Color Dubbing Dispenser"},"content":{"rendered":"<p>Spetsiaalselt kuivade k\u00e4rbsemustrite jaoks loodud CDC dubbing pakub erakordse t\u00e4ienduse k\u00e4rbseseene relvastusele. See on f\u00fc\u00fcsiliselt uskumatult kerge ja laseb k\u00e4rbse kergitada nagu sulgede t\u00fckk.<\/p>\n<p>Colors :<\/p>\n<p>Black, Green Olive, Light Olive, Brown Olive, Medium Olive, Summer Duck.<\/p>\n<p>White, Mayfly Olive, Golden Yellow, Grey, Yellow &amp; Sedge Brown.<\/p>","protected":false},"excerpt":{"rendered":"<p>Spetsiaalselt kuivade k\u00e4rbsemustrite jaoks loodud CDC dubbing pakub erakordse t\u00e4ienduse k\u00e4rbseseene relvastusele. See on f\u00fc\u00fcsiliselt uskumatult kerge ja laseb k\u00e4rbse<\/p>\n","protected":false},"featured_media":7861,"template":"","meta":[],"pwb-brand":[1787,394],"product_cat":[1784,161],"product_tag":[1781,1782,752,1780,1162,1788],"class_list":{"0":"post-7859","1":"product","2":"type-product","3":"status-publish","4":"has-post-thumbnail","6":"pwb-brand-frankie-mcphippips","7":"pwb-brand-veniard","8":"product_cat-dubbing-dispenser","9":"product_cat-dubbing","10":"product_tag-12-color","11":"product_tag-assortment","12":"product_tag-cdc","13":"product_tag-dispenser","14":"product_tag-dubbing","15":"product_tag-frankie-mcphillips","17":"first","18":"outofstock","19":"sale","20":"taxable","21":"shipping-taxable","22":"purchasable","23":"product-type-simple"},"jetpack_sharing_enabled":true,"brands":[{"id":1787,"name":"Frankie McPhippips","slug":"frankie-mcphippips"},{"id":394,"name":"Veniard","slug":"veniard"}],"_links":{"self":[{"href":"https:\/\/tightline.ee\/et\/wp-json\/wp\/v2\/product\/7859","targetHints":{"allow":["GET"]}}],"collection":[{"href":"https:\/\/tightline.ee\/et\/wp-json\/wp\/v2\/product"}],"about":[{"href":"https:\/\/tightline.ee\/et\/wp-json\/wp\/v2\/types\/product"}],"wp:featuredmedia":[{"embeddable":true,"href":"https:\/\/tightline.ee\/et\/wp-json\/wp\/v2\/media\/7861"}],"wp:attachment":[{"href":"https:\/\/tightline.ee\/et\/wp-json\/wp\/v2\/media?parent=7859"}],"wp:term":[{"taxonomy":"pwb-brand","embeddable":true,"href":"https:\/\/tightline.ee\/et\/wp-json\/wp\/v2\/pwb-brand?post=7859"},{"taxonomy":"product_cat","embeddable":true,"href":"https:\/\/tightline.ee\/et\/wp-json\/wp\/v2\/product_cat?post=7859"},{"taxonomy":"product_tag","embeddable":true,"href":"https:\/\/tightline.ee\/et\/wp-json\/wp\/v2\/product_tag?post=7859"}],"curies":[{"name":"wp","href":"https:\/\/api.w.org\/{rel}","templated":true}]}}