{"id":7853,"date":"2019-10-15T15:33:15","date_gmt":"2019-10-15T12:33:15","guid":{"rendered":"https:\/\/tightline.ee\/?post_type=product&#038;p=7853"},"modified":"2021-06-09T08:49:48","modified_gmt":"2021-06-09T05:49:48","slug":"antron-bright-12-color-dubbing-dispenser","status":"publish","type":"product","link":"https:\/\/tightline.ee\/et\/toode\/antron-bright-12-color-dubbing-dispenser\/","title":{"rendered":"Antron Bright 12 Color Dubbing Dispenser"},"content":{"rendered":"<p>See pooll\u00e4bipaistev ja peegeldav trilobaalkiud lisab igale k\u00e4rbsekesele s\u00e4det. Kasutage seda ise v\u00f5i segage teiste dubbingud.<\/p>\n<p>Colors :<\/p>\n<p>Bright Yellow , Fl.Orange, Shrimp Pink, Fl.Pink, Fl.Fire Orange, Chinese Red.<\/p>\n<p>Fl.Yellow, Highlander Green, Green, Peacock Blue, Fl.Orange, Claret, Deep Purple.<\/p>","protected":false},"excerpt":{"rendered":"<p>See pooll\u00e4bipaistev ja peegeldav trilobaalkiud lisab igale k\u00e4rbsekesele s\u00e4det. Kasutage seda ise v\u00f5i segage teiste dubbingud. Colors : Bright Yellow<\/p>\n","protected":false},"featured_media":7854,"template":"","meta":[],"pwb-brand":[367],"product_cat":[1784,161],"product_tag":[1781,1785,1782,1780,1162,1783],"class_list":{"0":"post-7853","1":"product","2":"type-product","3":"status-publish","4":"has-post-thumbnail","6":"pwb-brand-wapsi","7":"product_cat-dubbing-dispenser","8":"product_cat-dubbing","9":"product_tag-12-color","10":"product_tag-antron","11":"product_tag-assortment","12":"product_tag-dispenser","13":"product_tag-dubbing","14":"product_tag-1783","16":"first","17":"instock","18":"taxable","19":"shipping-taxable","20":"purchasable","21":"product-type-simple"},"jetpack_sharing_enabled":true,"brands":[{"id":367,"name":"Wapsi","slug":"wapsi"}],"_links":{"self":[{"href":"https:\/\/tightline.ee\/et\/wp-json\/wp\/v2\/product\/7853","targetHints":{"allow":["GET"]}}],"collection":[{"href":"https:\/\/tightline.ee\/et\/wp-json\/wp\/v2\/product"}],"about":[{"href":"https:\/\/tightline.ee\/et\/wp-json\/wp\/v2\/types\/product"}],"wp:featuredmedia":[{"embeddable":true,"href":"https:\/\/tightline.ee\/et\/wp-json\/wp\/v2\/media\/7854"}],"wp:attachment":[{"href":"https:\/\/tightline.ee\/et\/wp-json\/wp\/v2\/media?parent=7853"}],"wp:term":[{"taxonomy":"pwb-brand","embeddable":true,"href":"https:\/\/tightline.ee\/et\/wp-json\/wp\/v2\/pwb-brand?post=7853"},{"taxonomy":"product_cat","embeddable":true,"href":"https:\/\/tightline.ee\/et\/wp-json\/wp\/v2\/product_cat?post=7853"},{"taxonomy":"product_tag","embeddable":true,"href":"https:\/\/tightline.ee\/et\/wp-json\/wp\/v2\/product_tag?post=7853"}],"curies":[{"name":"wp","href":"https:\/\/api.w.org\/{rel}","templated":true}]}}