{"id":7851,"date":"2019-10-15T15:23:32","date_gmt":"2019-10-15T12:23:32","guid":{"rendered":"https:\/\/tightline.ee\/?post_type=product&#038;p=7851"},"modified":"2022-10-10T13:10:26","modified_gmt":"2022-10-10T10:10:26","slug":"angora-goat-12-color-dubbing-dispenser-1","status":"publish","type":"product","link":"https:\/\/tightline.ee\/et\/toode\/angora-goat-12-color-dubbing-dispenser-1\/","title":{"rendered":"Angora Goat 12 Color Dubbing Dispenser #1"},"content":{"rendered":"<p>Populaarne h\u00fclgeasendajana. Selle j\u00e4meda ja kileda kiu l\u00e4bipaistmatus on eba\u00fchtlane. Sobib paljudele l\u00f5he- ja teraspea mustritele, aga ka suurele n\u00fcmfile.<\/p>\n<p>Colors :<\/p>\n<p>Yellow , Hot Orange, Red, Light Olive, Ginger, Fiery Brown<\/p>\n<p>White, Dun, Green, Olive, Brown Olive, Black<\/p>","protected":false},"excerpt":{"rendered":"<p>Populaarne h\u00fclgeasendajana. Selle j\u00e4meda ja kileda kiu l\u00e4bipaistmatus on eba\u00fchtlane. Sobib paljudele l\u00f5he- ja teraspea mustritele, aga ka suurele n\u00fcmfile.<\/p>\n","protected":false},"featured_media":7852,"template":"","meta":[],"pwb-brand":[367],"product_cat":[1784],"product_tag":[1781,1779,1782,1780,1162],"class_list":{"0":"post-7851","1":"product","2":"type-product","3":"status-publish","4":"has-post-thumbnail","6":"pwb-brand-wapsi","7":"product_cat-dubbing-dispenser","8":"product_tag-12-color","9":"product_tag-angora","10":"product_tag-assortment","11":"product_tag-dispenser","12":"product_tag-dubbing","14":"first","15":"outofstock","16":"taxable","17":"shipping-taxable","18":"purchasable","19":"product-type-simple"},"jetpack_sharing_enabled":true,"brands":[{"id":367,"name":"Wapsi","slug":"wapsi"}],"_links":{"self":[{"href":"https:\/\/tightline.ee\/et\/wp-json\/wp\/v2\/product\/7851","targetHints":{"allow":["GET"]}}],"collection":[{"href":"https:\/\/tightline.ee\/et\/wp-json\/wp\/v2\/product"}],"about":[{"href":"https:\/\/tightline.ee\/et\/wp-json\/wp\/v2\/types\/product"}],"wp:featuredmedia":[{"embeddable":true,"href":"https:\/\/tightline.ee\/et\/wp-json\/wp\/v2\/media\/7852"}],"wp:attachment":[{"href":"https:\/\/tightline.ee\/et\/wp-json\/wp\/v2\/media?parent=7851"}],"wp:term":[{"taxonomy":"pwb-brand","embeddable":true,"href":"https:\/\/tightline.ee\/et\/wp-json\/wp\/v2\/pwb-brand?post=7851"},{"taxonomy":"product_cat","embeddable":true,"href":"https:\/\/tightline.ee\/et\/wp-json\/wp\/v2\/product_cat?post=7851"},{"taxonomy":"product_tag","embeddable":true,"href":"https:\/\/tightline.ee\/et\/wp-json\/wp\/v2\/product_tag?post=7851"}],"curies":[{"name":"wp","href":"https:\/\/api.w.org\/{rel}","templated":true}]}}