{"id":7849,"date":"2019-10-15T15:23:28","date_gmt":"2019-10-15T12:23:28","guid":{"rendered":"https:\/\/tightline.ee\/?post_type=product&#038;p=7849"},"modified":"2024-04-30T10:21:36","modified_gmt":"2024-04-30T07:21:36","slug":"angora-goat-12-color-dubbing-dispenser","status":"publish","type":"product","link":"https:\/\/tightline.ee\/et\/toode\/angora-goat-12-color-dubbing-dispenser\/","title":{"rendered":"Angora Goat 12 Color Dubbing Dispenser #2"},"content":{"rendered":"<p>Populaarne h\u00fclgeasendajana. Selle j\u00e4meda ja kileda kiu l\u00e4bipaistmatus on eba\u00fchtlane. Sobib paljudele l\u00f5he- ja teraspea mustritele, aga ka suurele n\u00fcmfile.<\/p>\n<p>Colors :<\/p>\n<p>Fl.Yellow , Fl.Claret, Highlander Green, Light Blue, Kingfisher Blue, Claret<\/p>\n<p>Fl.Orange, Fl.Fire Orange, Fl.Red, Hot Pink, Cerise, Purple<\/p>","protected":false},"excerpt":{"rendered":"<p>Populaarne h\u00fclgeasendajana. Selle j\u00e4meda ja kileda kiu l\u00e4bipaistmatus on eba\u00fchtlane. Sobib paljudele l\u00f5he- ja teraspea mustritele, aga ka suurele n\u00fcmfile.<\/p>\n","protected":false},"featured_media":7850,"template":"","meta":[],"pwb-brand":[367],"product_cat":[1784],"product_tag":[1781,1779,1782,1780,1162],"class_list":{"0":"post-7849","1":"product","2":"type-product","3":"status-publish","4":"has-post-thumbnail","6":"pwb-brand-wapsi","7":"product_cat-dubbing-dispenser","8":"product_tag-12-color","9":"product_tag-angora","10":"product_tag-assortment","11":"product_tag-dispenser","12":"product_tag-dubbing","14":"first","15":"outofstock","16":"taxable","17":"shipping-taxable","18":"purchasable","19":"product-type-simple"},"jetpack_sharing_enabled":true,"brands":[{"id":367,"name":"Wapsi","slug":"wapsi"}],"_links":{"self":[{"href":"https:\/\/tightline.ee\/et\/wp-json\/wp\/v2\/product\/7849","targetHints":{"allow":["GET"]}}],"collection":[{"href":"https:\/\/tightline.ee\/et\/wp-json\/wp\/v2\/product"}],"about":[{"href":"https:\/\/tightline.ee\/et\/wp-json\/wp\/v2\/types\/product"}],"wp:featuredmedia":[{"embeddable":true,"href":"https:\/\/tightline.ee\/et\/wp-json\/wp\/v2\/media\/7850"}],"wp:attachment":[{"href":"https:\/\/tightline.ee\/et\/wp-json\/wp\/v2\/media?parent=7849"}],"wp:term":[{"taxonomy":"pwb-brand","embeddable":true,"href":"https:\/\/tightline.ee\/et\/wp-json\/wp\/v2\/pwb-brand?post=7849"},{"taxonomy":"product_cat","embeddable":true,"href":"https:\/\/tightline.ee\/et\/wp-json\/wp\/v2\/product_cat?post=7849"},{"taxonomy":"product_tag","embeddable":true,"href":"https:\/\/tightline.ee\/et\/wp-json\/wp\/v2\/product_tag?post=7849"}],"curies":[{"name":"wp","href":"https:\/\/api.w.org\/{rel}","templated":true}]}}