{"id":7815,"date":"2019-10-14T22:12:00","date_gmt":"2019-10-14T19:12:00","guid":{"rendered":"https:\/\/tightline.ee\/?post_type=product&#038;p=7815"},"modified":"2026-02-10T01:02:52","modified_gmt":"2026-02-09T23:02:52","slug":"patagonia-mens-capilene-midweight-bottoms","status":"publish","type":"product","link":"https:\/\/tightline.ee\/et\/toode\/patagonia-mens-capilene-midweight-bottoms\/","title":{"rendered":"Patagonia Men&#8217;s Capilene Midweight Bottoms"},"content":{"rendered":"<p>Klassikaline, k\u00f5ikjal ringi liikuv aluskiht, valmistatud 100% ringlussev\u00f5etud sisust. Sile, pehme n\u00e4gu muudab h\u00f5lpsaks kihiks; \u00f5\u00f5nsad l\u00f5ngad ja rombikujuline tagasil\u00f5ks l\u00f5ksu sooja \u00f5hu, taht niiskuse ja kuivavad kiiresti. HeiQ\u00ae v\u00e4rske vastupidav l\u00f5hnakontroll hoiab asjad v\u00e4rskena.<\/p>","protected":false},"excerpt":{"rendered":"<p>Klassikaline, k\u00f5ikjal ringi liikuv aluskiht, valmistatud 100% ringlussev\u00f5etud sisust. Sile, pehme n\u00e4gu muudab h\u00f5lpsaks kihiks; \u00f5\u00f5nsad l\u00f5ngad ja rombikujuline tagasil\u00f5ks<\/p>\n","protected":false},"featured_media":7820,"template":"","meta":[],"pwb-brand":[293],"product_cat":[124],"product_tag":[1776,1777],"class_list":{"0":"post-7815","1":"product","2":"type-product","3":"status-publish","4":"has-post-thumbnail","6":"pwb-brand-patagonia","7":"product_cat-thermo-underwear","8":"product_tag-capilene","9":"product_tag-termo","11":"first","12":"instock","13":"taxable","14":"shipping-taxable","15":"purchasable","16":"product-type-variable"},"jetpack_sharing_enabled":true,"brands":[{"id":293,"name":"Patagonia","slug":"patagonia"}],"_links":{"self":[{"href":"https:\/\/tightline.ee\/et\/wp-json\/wp\/v2\/product\/7815","targetHints":{"allow":["GET"]}}],"collection":[{"href":"https:\/\/tightline.ee\/et\/wp-json\/wp\/v2\/product"}],"about":[{"href":"https:\/\/tightline.ee\/et\/wp-json\/wp\/v2\/types\/product"}],"wp:featuredmedia":[{"embeddable":true,"href":"https:\/\/tightline.ee\/et\/wp-json\/wp\/v2\/media\/7820"}],"wp:attachment":[{"href":"https:\/\/tightline.ee\/et\/wp-json\/wp\/v2\/media?parent=7815"}],"wp:term":[{"taxonomy":"pwb-brand","embeddable":true,"href":"https:\/\/tightline.ee\/et\/wp-json\/wp\/v2\/pwb-brand?post=7815"},{"taxonomy":"product_cat","embeddable":true,"href":"https:\/\/tightline.ee\/et\/wp-json\/wp\/v2\/product_cat?post=7815"},{"taxonomy":"product_tag","embeddable":true,"href":"https:\/\/tightline.ee\/et\/wp-json\/wp\/v2\/product_tag?post=7815"}],"curies":[{"name":"wp","href":"https:\/\/api.w.org\/{rel}","templated":true}]}}