{"id":7803,"date":"2019-10-14T21:19:41","date_gmt":"2019-10-14T18:19:41","guid":{"rendered":"https:\/\/tightline.ee\/?post_type=product&#038;p=7803"},"modified":"2025-08-09T12:54:14","modified_gmt":"2025-08-09T09:54:14","slug":"loop-stuff-sack","status":"publish","type":"product","link":"https:\/\/tightline.ee\/et\/toode\/loop-stuff-sack\/","title":{"rendered":"Loop Stuff Sack"},"content":{"rendered":"<p>Rull-veekindel kraamikott. Need kraamikotid on 100% veekindlad vabas \u00f5hus v\u00f5i l\u00fchikest aega vee all.<\/p>","protected":false},"excerpt":{"rendered":"<p>Rull-veekindel kraamikott. Need kraamikotid on 100% veekindlad vabas \u00f5hus v\u00f5i l\u00fchikest aega vee all.<\/p>\n","protected":false},"featured_media":7807,"template":"","meta":[],"pwb-brand":[180],"product_cat":[117,89,96],"product_tag":[1625,1613],"class_list":{"0":"post-7803","1":"product","2":"type-product","3":"status-publish","4":"has-post-thumbnail","6":"pwb-brand-loop","7":"product_cat-wading-accessories","8":"product_cat-bags-backpack","9":"product_cat-accessories-for-fishing","10":"product_tag-bag","11":"product_tag-waterproof","13":"first","14":"outofstock","15":"taxable","16":"shipping-taxable","17":"product-type-variable","18":"has-default-attributes"},"jetpack_sharing_enabled":true,"brands":[{"id":180,"name":"Loop","slug":"loop"}],"_links":{"self":[{"href":"https:\/\/tightline.ee\/et\/wp-json\/wp\/v2\/product\/7803","targetHints":{"allow":["GET"]}}],"collection":[{"href":"https:\/\/tightline.ee\/et\/wp-json\/wp\/v2\/product"}],"about":[{"href":"https:\/\/tightline.ee\/et\/wp-json\/wp\/v2\/types\/product"}],"wp:featuredmedia":[{"embeddable":true,"href":"https:\/\/tightline.ee\/et\/wp-json\/wp\/v2\/media\/7807"}],"wp:attachment":[{"href":"https:\/\/tightline.ee\/et\/wp-json\/wp\/v2\/media?parent=7803"}],"wp:term":[{"taxonomy":"pwb-brand","embeddable":true,"href":"https:\/\/tightline.ee\/et\/wp-json\/wp\/v2\/pwb-brand?post=7803"},{"taxonomy":"product_cat","embeddable":true,"href":"https:\/\/tightline.ee\/et\/wp-json\/wp\/v2\/product_cat?post=7803"},{"taxonomy":"product_tag","embeddable":true,"href":"https:\/\/tightline.ee\/et\/wp-json\/wp\/v2\/product_tag?post=7803"}],"curies":[{"name":"wp","href":"https:\/\/api.w.org\/{rel}","templated":true}]}}