{"id":7785,"date":"2019-10-14T18:05:45","date_gmt":"2019-10-14T15:05:45","guid":{"rendered":"https:\/\/tightline.ee\/?post_type=product&#038;p=7785"},"modified":"2024-06-10T13:07:52","modified_gmt":"2024-06-10T10:07:52","slug":"simms-backsaver-wading-belt","status":"publish","type":"product","link":"https:\/\/tightline.ee\/et\/toode\/simms-backsaver-wading-belt\/","title":{"rendered":"Simms Backsaver Wading Belt"},"content":{"rendered":"<p>V\u00e4hendab tunduvalt alaselja stressi ja v\u00e4simust &#8211; see on kohustuslik iga seljaga \u00f5ngitseja jaoks.<\/p>","protected":false},"excerpt":{"rendered":"<p>V\u00e4hendab tunduvalt alaselja stressi ja v\u00e4simust &#8211; see on kohustuslik iga seljaga \u00f5ngitseja jaoks.<\/p>\n","protected":false},"featured_media":7786,"template":"","meta":[],"pwb-brand":[333],"product_cat":[117],"product_tag":[1762,1761,1763,1764],"class_list":{"0":"post-7785","1":"product","2":"type-product","3":"status-publish","4":"has-post-thumbnail","6":"pwb-brand-simms","7":"product_cat-wading-accessories","8":"product_tag-backsaver","9":"product_tag-wading-belt","10":"product_tag-1763","11":"product_tag-1764","13":"first","14":"outofstock","15":"taxable","16":"shipping-taxable","17":"purchasable","18":"product-type-simple"},"jetpack_sharing_enabled":true,"brands":[{"id":333,"name":"Simms","slug":"simms"}],"_links":{"self":[{"href":"https:\/\/tightline.ee\/et\/wp-json\/wp\/v2\/product\/7785","targetHints":{"allow":["GET"]}}],"collection":[{"href":"https:\/\/tightline.ee\/et\/wp-json\/wp\/v2\/product"}],"about":[{"href":"https:\/\/tightline.ee\/et\/wp-json\/wp\/v2\/types\/product"}],"wp:featuredmedia":[{"embeddable":true,"href":"https:\/\/tightline.ee\/et\/wp-json\/wp\/v2\/media\/7786"}],"wp:attachment":[{"href":"https:\/\/tightline.ee\/et\/wp-json\/wp\/v2\/media?parent=7785"}],"wp:term":[{"taxonomy":"pwb-brand","embeddable":true,"href":"https:\/\/tightline.ee\/et\/wp-json\/wp\/v2\/pwb-brand?post=7785"},{"taxonomy":"product_cat","embeddable":true,"href":"https:\/\/tightline.ee\/et\/wp-json\/wp\/v2\/product_cat?post=7785"},{"taxonomy":"product_tag","embeddable":true,"href":"https:\/\/tightline.ee\/et\/wp-json\/wp\/v2\/product_tag?post=7785"}],"curies":[{"name":"wp","href":"https:\/\/api.w.org\/{rel}","templated":true}]}}