{"id":7681,"date":"2019-10-13T12:32:12","date_gmt":"2019-10-13T09:32:12","guid":{"rendered":"https:\/\/tightline.ee\/?post_type=product&#038;p=7681"},"modified":"2021-03-08T11:49:01","modified_gmt":"2021-03-08T09:49:01","slug":"mylar-cord","status":"publish","type":"product","link":"https:\/\/tightline.ee\/et\/toode\/mylar-cord\/","title":{"rendered":"Mylari juhe\/ Mylar Cord"},"content":{"rendered":"<p>Ideaalne elup\u00f5liste tsoneerijate ja s\u00f6\u00f6dakala j\u00e4ljendamiseks.<\/p>\n<p>60 cm pakendi kohta<\/p>","protected":false},"excerpt":{"rendered":"<p>Ideaalne elup\u00f5liste tsoneerijate ja s\u00f6\u00f6dakala j\u00e4ljendamiseks. 60 cm pakendi kohta<\/p>\n","protected":false},"featured_media":7693,"template":"","meta":[],"pwb-brand":[394,367],"product_cat":[159],"product_tag":[370,1725,1724,1726,1728,1727],"class_list":{"0":"post-7681","1":"product","2":"type-product","3":"status-publish","4":"has-post-thumbnail","6":"pwb-brand-veniard","7":"pwb-brand-wapsi","8":"product_cat-body-materials","9":"product_tag-body","10":"product_tag-mylar-corf","11":"product_tag-mylari-juhe","12":"product_tag-pipe","13":"product_tag-1728","14":"product_tag-1727","16":"first","17":"instock","18":"taxable","19":"shipping-taxable","20":"purchasable","21":"product-type-variable"},"jetpack_sharing_enabled":true,"brands":[{"id":394,"name":"Veniard","slug":"veniard"},{"id":367,"name":"Wapsi","slug":"wapsi"}],"_links":{"self":[{"href":"https:\/\/tightline.ee\/et\/wp-json\/wp\/v2\/product\/7681","targetHints":{"allow":["GET"]}}],"collection":[{"href":"https:\/\/tightline.ee\/et\/wp-json\/wp\/v2\/product"}],"about":[{"href":"https:\/\/tightline.ee\/et\/wp-json\/wp\/v2\/types\/product"}],"wp:featuredmedia":[{"embeddable":true,"href":"https:\/\/tightline.ee\/et\/wp-json\/wp\/v2\/media\/7693"}],"wp:attachment":[{"href":"https:\/\/tightline.ee\/et\/wp-json\/wp\/v2\/media?parent=7681"}],"wp:term":[{"taxonomy":"pwb-brand","embeddable":true,"href":"https:\/\/tightline.ee\/et\/wp-json\/wp\/v2\/pwb-brand?post=7681"},{"taxonomy":"product_cat","embeddable":true,"href":"https:\/\/tightline.ee\/et\/wp-json\/wp\/v2\/product_cat?post=7681"},{"taxonomy":"product_tag","embeddable":true,"href":"https:\/\/tightline.ee\/et\/wp-json\/wp\/v2\/product_tag?post=7681"}],"curies":[{"name":"wp","href":"https:\/\/api.w.org\/{rel}","templated":true}]}}