{"id":7608,"date":"2019-10-12T11:24:28","date_gmt":"2019-10-12T08:24:28","guid":{"rendered":"https:\/\/tightline.ee\/?post_type=product&#038;p=7608"},"modified":"2025-03-26T11:30:55","modified_gmt":"2025-03-26T09:30:55","slug":"body-stretch-sow-scud-back","status":"publish","type":"product","link":"https:\/\/tightline.ee\/et\/toode\/body-stretch-sow-scud-back\/","title":{"rendered":"Body Stretch, Sow-Scud Back"},"content":{"rendered":"<p>Eriti pehmed, pooll\u00e4bipaistvad ribad.<br \/>\nV\u00e4ga veniv ja elastne materjal.<br \/>\nKasutatakse n\u00fcmfikehades, selja- ja tiiva\u00fcmbristes.<\/p>","protected":false},"excerpt":{"rendered":"<p>Eriti pehmed, pooll\u00e4bipaistvad ribad. V\u00e4ga veniv ja elastne materjal. Kasutatakse n\u00fcmfikehades, selja- ja tiiva\u00fcmbristes.<\/p>\n","protected":false},"featured_media":7617,"template":"","meta":[],"pwb-brand":[462,1397,394,367],"product_cat":[159],"product_tag":[370,1692,597,1693,1691,669],"class_list":{"0":"post-7608","1":"product","2":"type-product","3":"status-publish","4":"has-post-thumbnail","6":"pwb-brand-eumer","7":"pwb-brand-hends","8":"pwb-brand-veniard","9":"pwb-brand-wapsi","10":"product_cat-body-materials","11":"product_tag-body","12":"product_tag-body-stretch","13":"product_tag-nymph","14":"product_tag-scud","15":"product_tag-1691","16":"product_tag-669","18":"first","19":"instock","20":"sale","21":"taxable","22":"shipping-taxable","23":"purchasable","24":"product-type-variable"},"jetpack_sharing_enabled":true,"brands":[{"id":462,"name":"Eumer","slug":"eumer"},{"id":1397,"name":"Hends","slug":"hends"},{"id":394,"name":"Veniard","slug":"veniard"},{"id":367,"name":"Wapsi","slug":"wapsi"}],"_links":{"self":[{"href":"https:\/\/tightline.ee\/et\/wp-json\/wp\/v2\/product\/7608","targetHints":{"allow":["GET"]}}],"collection":[{"href":"https:\/\/tightline.ee\/et\/wp-json\/wp\/v2\/product"}],"about":[{"href":"https:\/\/tightline.ee\/et\/wp-json\/wp\/v2\/types\/product"}],"wp:featuredmedia":[{"embeddable":true,"href":"https:\/\/tightline.ee\/et\/wp-json\/wp\/v2\/media\/7617"}],"wp:attachment":[{"href":"https:\/\/tightline.ee\/et\/wp-json\/wp\/v2\/media?parent=7608"}],"wp:term":[{"taxonomy":"pwb-brand","embeddable":true,"href":"https:\/\/tightline.ee\/et\/wp-json\/wp\/v2\/pwb-brand?post=7608"},{"taxonomy":"product_cat","embeddable":true,"href":"https:\/\/tightline.ee\/et\/wp-json\/wp\/v2\/product_cat?post=7608"},{"taxonomy":"product_tag","embeddable":true,"href":"https:\/\/tightline.ee\/et\/wp-json\/wp\/v2\/product_tag?post=7608"}],"curies":[{"name":"wp","href":"https:\/\/api.w.org\/{rel}","templated":true}]}}