{"id":7590,"date":"2019-10-12T11:10:50","date_gmt":"2019-10-12T08:10:50","guid":{"rendered":"https:\/\/tightline.ee\/?post_type=product&#038;p=7590"},"modified":"2025-03-26T11:49:17","modified_gmt":"2025-03-26T09:49:17","slug":"thin-skin-mottled","status":"publish","type":"product","link":"https:\/\/tightline.ee\/et\/toode\/thin-skin-mottled\/","title":{"rendered":"Thin Skin Mottled"},"content":{"rendered":"<p>\u00d5huke nahk on pooll\u00e4bipaistev, \u00f5huke ja elastne materjal, mida on lihtne kasutada. Leht on ainult 0,15 cm \u00f5huke. \u00d5huke nahk sobib h\u00e4sti n\u00fcmfide, vastsete ja paljude teiste putukate imitatsioonide tiivakatete ja seljatugede jaoks.<br \/>\nSuurus 18 x 5 cm<\/p>","protected":false},"excerpt":{"rendered":"<p>\u00d5huke nahk on pooll\u00e4bipaistev, \u00f5huke ja elastne materjal, mida on lihtne kasutada. Leht on ainult 0,15 cm \u00f5huke. \u00d5huke nahk<\/p>\n","protected":false},"featured_media":7591,"template":"","meta":[],"pwb-brand":[367],"product_cat":[159],"product_tag":[369,1682],"class_list":{"0":"post-7590","1":"product","2":"type-product","3":"status-publish","4":"has-post-thumbnail","6":"pwb-brand-wapsi","7":"product_cat-body-materials","8":"product_tag-skin","9":"product_tag-thin-skin","11":"first","12":"instock","13":"taxable","14":"shipping-taxable","15":"purchasable","16":"product-type-variable"},"jetpack_sharing_enabled":true,"brands":[{"id":367,"name":"Wapsi","slug":"wapsi"}],"_links":{"self":[{"href":"https:\/\/tightline.ee\/et\/wp-json\/wp\/v2\/product\/7590","targetHints":{"allow":["GET"]}}],"collection":[{"href":"https:\/\/tightline.ee\/et\/wp-json\/wp\/v2\/product"}],"about":[{"href":"https:\/\/tightline.ee\/et\/wp-json\/wp\/v2\/types\/product"}],"wp:featuredmedia":[{"embeddable":true,"href":"https:\/\/tightline.ee\/et\/wp-json\/wp\/v2\/media\/7591"}],"wp:attachment":[{"href":"https:\/\/tightline.ee\/et\/wp-json\/wp\/v2\/media?parent=7590"}],"wp:term":[{"taxonomy":"pwb-brand","embeddable":true,"href":"https:\/\/tightline.ee\/et\/wp-json\/wp\/v2\/pwb-brand?post=7590"},{"taxonomy":"product_cat","embeddable":true,"href":"https:\/\/tightline.ee\/et\/wp-json\/wp\/v2\/product_cat?post=7590"},{"taxonomy":"product_tag","embeddable":true,"href":"https:\/\/tightline.ee\/et\/wp-json\/wp\/v2\/product_tag?post=7590"}],"curies":[{"name":"wp","href":"https:\/\/api.w.org\/{rel}","templated":true}]}}