{"id":7559,"date":"2019-10-11T17:01:17","date_gmt":"2019-10-11T14:01:17","guid":{"rendered":"https:\/\/tightline.ee\/?post_type=product&#038;p=7559"},"modified":"2022-05-04T16:10:22","modified_gmt":"2022-05-04T13:10:22","slug":"english-partridge-mixed","status":"publish","type":"product","link":"https:\/\/tightline.ee\/et\/toode\/english-partridge-mixed\/","title":{"rendered":"P\u00f5ld \/ English Partridge Mixed"},"content":{"rendered":"<p>Need suled on v\u00e4ga populaarsed pehmete h\u00e4kkide ja m\u00e4rgade k\u00e4rbeste jaoks. T\u00e4piline hall kael ja pruunid selja suled on kasutusel paljudes traditsioonilistes kuivades ja k\u00e4rbestes (March Brown, Mayflies, Partridge &amp; Orange jne).<\/p>\n<p>Pakendis 2 gr<\/p>","protected":false},"excerpt":{"rendered":"<p>Need suled on v\u00e4ga populaarsed pehmete h\u00e4kkide ja m\u00e4rgade k\u00e4rbeste jaoks. T\u00e4piline hall kael ja pruunid selja suled on kasutusel<\/p>\n","protected":false},"featured_media":7560,"template":"","meta":[],"pwb-brand":[394],"product_cat":[156],"product_tag":[1662,632,1665,1664],"class_list":{"0":"post-7559","1":"product","2":"type-product","3":"status-publish","4":"has-post-thumbnail","6":"pwb-brand-veniard","7":"product_cat-feathers","8":"product_tag-mix","9":"product_tag-partridge","10":"product_tag-pold","11":"product_tag-1664","13":"first","14":"outofstock","15":"taxable","16":"shipping-taxable","17":"purchasable","18":"product-type-simple"},"jetpack_sharing_enabled":true,"brands":[{"id":394,"name":"Veniard","slug":"veniard"}],"_links":{"self":[{"href":"https:\/\/tightline.ee\/et\/wp-json\/wp\/v2\/product\/7559","targetHints":{"allow":["GET"]}}],"collection":[{"href":"https:\/\/tightline.ee\/et\/wp-json\/wp\/v2\/product"}],"about":[{"href":"https:\/\/tightline.ee\/et\/wp-json\/wp\/v2\/types\/product"}],"wp:featuredmedia":[{"embeddable":true,"href":"https:\/\/tightline.ee\/et\/wp-json\/wp\/v2\/media\/7560"}],"wp:attachment":[{"href":"https:\/\/tightline.ee\/et\/wp-json\/wp\/v2\/media?parent=7559"}],"wp:term":[{"taxonomy":"pwb-brand","embeddable":true,"href":"https:\/\/tightline.ee\/et\/wp-json\/wp\/v2\/pwb-brand?post=7559"},{"taxonomy":"product_cat","embeddable":true,"href":"https:\/\/tightline.ee\/et\/wp-json\/wp\/v2\/product_cat?post=7559"},{"taxonomy":"product_tag","embeddable":true,"href":"https:\/\/tightline.ee\/et\/wp-json\/wp\/v2\/product_tag?post=7559"}],"curies":[{"name":"wp","href":"https:\/\/api.w.org\/{rel}","templated":true}]}}