{"id":7557,"date":"2019-10-11T16:56:27","date_gmt":"2019-10-11T13:56:27","guid":{"rendered":"https:\/\/tightline.ee\/?post_type=product&#038;p=7557"},"modified":"2021-12-03T21:03:18","modified_gmt":"2021-12-03T19:03:18","slug":"teal-flank-mixed-sizes","status":"publish","type":"product","link":"https:\/\/tightline.ee\/et\/toode\/teal-flank-mixed-sizes\/","title":{"rendered":"Teal Flank Mixed Sizes"},"content":{"rendered":"<p>Teali k\u00fclje sulgi kasutatakse forelli ja meriahvena m\u00e4rgadel k\u00e4rbsemustritel ning ka paljude l\u00f5hek\u00e4rbeste k\u00fclgedel.<\/p>\n<p>Pakendis 2 gr<\/p>","protected":false},"excerpt":{"rendered":"<p>Teali k\u00fclje sulgi kasutatakse forelli ja meriahvena m\u00e4rgadel k\u00e4rbsemustritel ning ka paljude l\u00f5hek\u00e4rbeste k\u00fclgedel. Pakendis 2 gr<\/p>\n","protected":false},"featured_media":7558,"template":"","meta":[],"pwb-brand":[394],"product_cat":[156],"product_tag":[1490,1662,1661,1663],"class_list":{"0":"post-7557","1":"product","2":"type-product","3":"status-publish","4":"has-post-thumbnail","6":"pwb-brand-veniard","7":"product_cat-feathers","8":"product_tag-flank","9":"product_tag-mix","10":"product_tag-teal","11":"product_tag-1663","13":"first","14":"outofstock","15":"taxable","16":"shipping-taxable","17":"purchasable","18":"product-type-simple"},"jetpack_sharing_enabled":true,"brands":[{"id":394,"name":"Veniard","slug":"veniard"}],"_links":{"self":[{"href":"https:\/\/tightline.ee\/et\/wp-json\/wp\/v2\/product\/7557","targetHints":{"allow":["GET"]}}],"collection":[{"href":"https:\/\/tightline.ee\/et\/wp-json\/wp\/v2\/product"}],"about":[{"href":"https:\/\/tightline.ee\/et\/wp-json\/wp\/v2\/types\/product"}],"wp:featuredmedia":[{"embeddable":true,"href":"https:\/\/tightline.ee\/et\/wp-json\/wp\/v2\/media\/7558"}],"wp:attachment":[{"href":"https:\/\/tightline.ee\/et\/wp-json\/wp\/v2\/media?parent=7557"}],"wp:term":[{"taxonomy":"pwb-brand","embeddable":true,"href":"https:\/\/tightline.ee\/et\/wp-json\/wp\/v2\/pwb-brand?post=7557"},{"taxonomy":"product_cat","embeddable":true,"href":"https:\/\/tightline.ee\/et\/wp-json\/wp\/v2\/product_cat?post=7557"},{"taxonomy":"product_tag","embeddable":true,"href":"https:\/\/tightline.ee\/et\/wp-json\/wp\/v2\/product_tag?post=7557"}],"curies":[{"name":"wp","href":"https:\/\/api.w.org\/{rel}","templated":true}]}}