{"id":7545,"date":"2019-10-11T16:36:32","date_gmt":"2019-10-11T13:36:32","guid":{"rendered":"https:\/\/tightline.ee\/?post_type=product&#038;p=7545"},"modified":"2025-05-13T09:49:25","modified_gmt":"2025-05-13T06:49:25","slug":"crow-magpie-kingfisher","status":"publish","type":"product","link":"https:\/\/tightline.ee\/et\/toode\/crow-magpie-kingfisher\/","title":{"rendered":"Vares, Harakas, Kuningaskala"},"content":{"rendered":"<p>Vares &#8211; suurep\u00e4rane materjal forelli ja keskmise suurusega l\u00f5hek\u00e4rbeste valmistamiseks.<br \/>\nMustad haraka suled, erksa sinakasrohelise varjundiga. Traditsiooniliselt laialdaselt kasutatud erineva suurusega m\u00e4rgade k\u00e4rbeste kudumiseks.<\/p>\n<p>Kingfisheril on l\u00f5hek\u00e4rbeste kudumiseks erksad k\u00fcllastunud sinise v\u00e4rvi suled.<\/p>","protected":false},"excerpt":{"rendered":"<p>Vares &#8211; suurep\u00e4rane materjal forelli ja keskmise suurusega l\u00f5hek\u00e4rbeste valmistamiseks. Mustad haraka suled, erksa sinakasrohelise varjundiga. Traditsiooniliselt laialdaselt kasutatud erineva<\/p>\n","protected":false},"featured_media":13673,"template":"","meta":[],"pwb-brand":[394],"product_cat":[156],"product_tag":[1647,1655,1658,1656,1657,1654,1642,1660,1659],"class_list":{"0":"post-7545","1":"product","2":"type-product","3":"status-publish","4":"has-post-thumbnail","6":"pwb-brand-veniard","7":"product_cat-feathers","8":"product_tag-crow","9":"product_tag-harakas","10":"product_tag-kingfisher","11":"product_tag-kuningaskala","12":"product_tag-magpie","13":"product_tag-vares","14":"product_tag-1642","15":"product_tag-1660","16":"product_tag-1659","18":"first","19":"outofstock","20":"taxable","21":"shipping-taxable","22":"product-type-variable"},"jetpack_sharing_enabled":true,"brands":[{"id":394,"name":"Veniard","slug":"veniard"}],"_links":{"self":[{"href":"https:\/\/tightline.ee\/et\/wp-json\/wp\/v2\/product\/7545","targetHints":{"allow":["GET"]}}],"collection":[{"href":"https:\/\/tightline.ee\/et\/wp-json\/wp\/v2\/product"}],"about":[{"href":"https:\/\/tightline.ee\/et\/wp-json\/wp\/v2\/types\/product"}],"wp:featuredmedia":[{"embeddable":true,"href":"https:\/\/tightline.ee\/et\/wp-json\/wp\/v2\/media\/13673"}],"wp:attachment":[{"href":"https:\/\/tightline.ee\/et\/wp-json\/wp\/v2\/media?parent=7545"}],"wp:term":[{"taxonomy":"pwb-brand","embeddable":true,"href":"https:\/\/tightline.ee\/et\/wp-json\/wp\/v2\/pwb-brand?post=7545"},{"taxonomy":"product_cat","embeddable":true,"href":"https:\/\/tightline.ee\/et\/wp-json\/wp\/v2\/product_cat?post=7545"},{"taxonomy":"product_tag","embeddable":true,"href":"https:\/\/tightline.ee\/et\/wp-json\/wp\/v2\/product_tag?post=7545"}],"curies":[{"name":"wp","href":"https:\/\/api.w.org\/{rel}","templated":true}]}}