{"id":7449,"date":"2019-10-10T22:13:54","date_gmt":"2019-10-10T19:13:54","guid":{"rendered":"https:\/\/tightline.ee\/?post_type=product&#038;p=7449"},"modified":"2024-04-30T14:03:54","modified_gmt":"2024-04-30T11:03:54","slug":"duck-goose-quill","status":"publish","type":"product","link":"https:\/\/tightline.ee\/et\/toode\/duck-goose-quill\/","title":{"rendered":"Pardiroos ja Hani \/ Duck &#038; Goose Quill"},"content":{"rendered":"<p>Kasutatakse tiibade jaoks ja eba\u00f5nnestub paljudel tavalistel kuivadel ja m\u00e4rgadel k\u00e4rbestel.<\/p>\n<p>10 pakendi kohta.<\/p>","protected":false},"excerpt":{"rendered":"<p>Kasutatakse tiibade jaoks ja eba\u00f5nnestub paljudel tavalistel kuivadel ja m\u00e4rgadel k\u00e4rbestel. 10 pakendi kohta.<\/p>\n","protected":false},"featured_media":13667,"template":"","meta":[],"pwb-brand":[394,367],"product_cat":[156],"product_tag":[1488,1610,1592,1608,1607,1590,1609],"class_list":{"0":"post-7449","1":"product","2":"type-product","3":"status-publish","4":"has-post-thumbnail","6":"pwb-brand-veniard","7":"pwb-brand-wapsi","8":"product_cat-feathers","9":"product_tag-duck","10":"product_tag-duck-quill","11":"product_tag-goose","12":"product_tag-hani","13":"product_tag-pardiroos","14":"product_tag-1590","15":"product_tag-1609","17":"first","18":"instock","19":"taxable","20":"shipping-taxable","21":"purchasable","22":"product-type-variable"},"jetpack_sharing_enabled":true,"brands":[{"id":394,"name":"Veniard","slug":"veniard"},{"id":367,"name":"Wapsi","slug":"wapsi"}],"_links":{"self":[{"href":"https:\/\/tightline.ee\/et\/wp-json\/wp\/v2\/product\/7449","targetHints":{"allow":["GET"]}}],"collection":[{"href":"https:\/\/tightline.ee\/et\/wp-json\/wp\/v2\/product"}],"about":[{"href":"https:\/\/tightline.ee\/et\/wp-json\/wp\/v2\/types\/product"}],"wp:featuredmedia":[{"embeddable":true,"href":"https:\/\/tightline.ee\/et\/wp-json\/wp\/v2\/media\/13667"}],"wp:attachment":[{"href":"https:\/\/tightline.ee\/et\/wp-json\/wp\/v2\/media?parent=7449"}],"wp:term":[{"taxonomy":"pwb-brand","embeddable":true,"href":"https:\/\/tightline.ee\/et\/wp-json\/wp\/v2\/pwb-brand?post=7449"},{"taxonomy":"product_cat","embeddable":true,"href":"https:\/\/tightline.ee\/et\/wp-json\/wp\/v2\/product_cat?post=7449"},{"taxonomy":"product_tag","embeddable":true,"href":"https:\/\/tightline.ee\/et\/wp-json\/wp\/v2\/product_tag?post=7449"}],"curies":[{"name":"wp","href":"https:\/\/api.w.org\/{rel}","templated":true}]}}