{"id":7409,"date":"2019-10-10T17:51:19","date_gmt":"2019-10-10T14:51:19","guid":{"rendered":"https:\/\/tightline.ee\/?post_type=product&#038;p=7409"},"modified":"2026-01-24T14:27:29","modified_gmt":"2026-01-24T12:27:29","slug":"goose-shoulder","status":"publish","type":"product","link":"https:\/\/tightline.ee\/et\/toode\/goose-shoulder\/","title":{"rendered":"Hane \/ Goose Shoulder"},"content":{"rendered":"<p>Goose Shoulders suled sobivad suurep\u00e4raselt traditsiooniliste m\u00e4rgade ja l\u00f5heliste k\u00e4rbeste jaoks.<\/p>\n<p>6 pakendi kohta.<\/p>","protected":false},"excerpt":{"rendered":"<p>Goose Shoulders suled sobivad suurep\u00e4raselt traditsiooniliste m\u00e4rgade ja l\u00f5heliste k\u00e4rbeste jaoks. 6 pakendi kohta.<\/p>\n","protected":false},"featured_media":12587,"template":"","meta":[],"pwb-brand":[394,367],"product_cat":[156],"product_tag":[1592,1593,1591,1590],"class_list":{"0":"post-7409","1":"product","2":"type-product","3":"status-publish","4":"has-post-thumbnail","6":"pwb-brand-veniard","7":"pwb-brand-wapsi","8":"product_cat-feathers","9":"product_tag-goose","10":"product_tag-goose-shoulder","11":"product_tag-hane","12":"product_tag-1590","14":"first","15":"instock","16":"taxable","17":"shipping-taxable","18":"purchasable","19":"product-type-variable"},"jetpack_sharing_enabled":true,"brands":[{"id":394,"name":"Veniard","slug":"veniard"},{"id":367,"name":"Wapsi","slug":"wapsi"}],"_links":{"self":[{"href":"https:\/\/tightline.ee\/et\/wp-json\/wp\/v2\/product\/7409","targetHints":{"allow":["GET"]}}],"collection":[{"href":"https:\/\/tightline.ee\/et\/wp-json\/wp\/v2\/product"}],"about":[{"href":"https:\/\/tightline.ee\/et\/wp-json\/wp\/v2\/types\/product"}],"wp:featuredmedia":[{"embeddable":true,"href":"https:\/\/tightline.ee\/et\/wp-json\/wp\/v2\/media\/12587"}],"wp:attachment":[{"href":"https:\/\/tightline.ee\/et\/wp-json\/wp\/v2\/media?parent=7409"}],"wp:term":[{"taxonomy":"pwb-brand","embeddable":true,"href":"https:\/\/tightline.ee\/et\/wp-json\/wp\/v2\/pwb-brand?post=7409"},{"taxonomy":"product_cat","embeddable":true,"href":"https:\/\/tightline.ee\/et\/wp-json\/wp\/v2\/product_cat?post=7409"},{"taxonomy":"product_tag","embeddable":true,"href":"https:\/\/tightline.ee\/et\/wp-json\/wp\/v2\/product_tag?post=7409"}],"curies":[{"name":"wp","href":"https:\/\/api.w.org\/{rel}","templated":true}]}}