{"id":7384,"date":"2019-10-10T14:09:07","date_gmt":"2019-10-10T11:09:07","guid":{"rendered":"https:\/\/tightline.ee\/?post_type=product&#038;p=7384"},"modified":"2024-04-30T14:07:39","modified_gmt":"2024-04-30T11:07:39","slug":"ibis-substitute","status":"publish","type":"product","link":"https:\/\/tightline.ee\/et\/toode\/ibis-substitute\/","title":{"rendered":"Asendusliivad \/ Ibis, Toucan, Red Crow, Condor"},"content":{"rendered":"<p>Ibis on klassikaliste l\u00f5hek\u00e4rbeste materjal. Ibisit on raske hankida ja see on kallis materjal, seega on meil saadaval \u00f6konoomilised subtiitrid. Veniardi Ibis asendaja on valmistatud kalkunist.<\/p>\n<p>Pakend sisaldab 10 sulge.<\/p>\n<p>Condorit (asendajat) saab kasutada herli kehade, n\u00fcmfisabade ja seljaosade ning klassikaliste m\u00e4rgade ja kuivade k\u00e4rbeste puhul.<br \/>\nKobara pikkus umbes 3\u20135 cm. Suleosa pikkus umbes 10 cm. \u00dcks t\u00fckk pakendi kohta.<\/p>\n<p>Red Crow ja Toucan kasutatakse paljudes klassikalistes k\u00e4rbestes; originaalid on \u00e4\u00e4rmiselt kallid, seet\u00f5ttu pakutakse katsetamiseks asendajaid.<\/p>\n<p>Pakend sadade sulgedega.<\/p>","protected":false},"excerpt":{"rendered":"<p>Ibis on klassikaliste l\u00f5hek\u00e4rbeste materjal. Ibisit on raske hankida ja see on kallis materjal, seega on meil saadaval \u00f6konoomilised subtiitrid.<\/p>\n","protected":false},"featured_media":13672,"template":"","meta":[],"pwb-brand":[394],"product_cat":[156],"product_tag":[1649,1647,1571,1646,1650,457,1648,1568,1642,1645,1572,1644,1641,1643],"class_list":{"0":"post-7384","1":"product","2":"type-product","3":"status-publish","4":"has-post-thumbnail","6":"pwb-brand-veniard","7":"product_cat-feathers","8":"product_tag-condor","9":"product_tag-crow","10":"product_tag-ibis","11":"product_tag-red-crow","12":"product_tag-substitute","13":"product_tag-tail","14":"product_tag-tiucan","15":"product_tag-turkey","16":"product_tag-1642","17":"product_tag-1645","18":"product_tag-1572","19":"product_tag-1644","20":"product_tag-1641","21":"product_tag-1643","23":"first","24":"instock","25":"taxable","26":"shipping-taxable","27":"purchasable","28":"product-type-variable"},"jetpack_sharing_enabled":true,"brands":[{"id":394,"name":"Veniard","slug":"veniard"}],"_links":{"self":[{"href":"https:\/\/tightline.ee\/et\/wp-json\/wp\/v2\/product\/7384","targetHints":{"allow":["GET"]}}],"collection":[{"href":"https:\/\/tightline.ee\/et\/wp-json\/wp\/v2\/product"}],"about":[{"href":"https:\/\/tightline.ee\/et\/wp-json\/wp\/v2\/types\/product"}],"wp:featuredmedia":[{"embeddable":true,"href":"https:\/\/tightline.ee\/et\/wp-json\/wp\/v2\/media\/13672"}],"wp:attachment":[{"href":"https:\/\/tightline.ee\/et\/wp-json\/wp\/v2\/media?parent=7384"}],"wp:term":[{"taxonomy":"pwb-brand","embeddable":true,"href":"https:\/\/tightline.ee\/et\/wp-json\/wp\/v2\/pwb-brand?post=7384"},{"taxonomy":"product_cat","embeddable":true,"href":"https:\/\/tightline.ee\/et\/wp-json\/wp\/v2\/product_cat?post=7384"},{"taxonomy":"product_tag","embeddable":true,"href":"https:\/\/tightline.ee\/et\/wp-json\/wp\/v2\/product_tag?post=7384"}],"curies":[{"name":"wp","href":"https:\/\/api.w.org\/{rel}","templated":true}]}}