{"id":7354,"date":"2019-10-10T11:22:44","date_gmt":"2019-10-10T08:22:44","guid":{"rendered":"https:\/\/tightline.ee\/?post_type=product&#038;p=7354"},"modified":"2024-12-22T23:37:00","modified_gmt":"2024-12-22T21:37:00","slug":"turkey","status":"publish","type":"product","link":"https:\/\/tightline.ee\/et\/toode\/turkey\/","title":{"rendered":"Turkey"},"content":{"rendered":"<p>T\u00fcrgi suled, mida kasutatakse punkri tiibade ja jalgade jaoks, porip\u00fcksid, k\u00e4rbse- ja mammilinn\u00fcmf, tiiva\u00fcmbrised.<\/p>","protected":false},"excerpt":{"rendered":"<p>T\u00fcrgi suled, mida kasutatakse punkri tiibade ja jalgade jaoks, porip\u00fcksid, k\u00e4rbse- ja mammilinn\u00fcmf, tiiva\u00fcmbrised.<\/p>\n","protected":false},"featured_media":13671,"template":"","meta":[],"pwb-brand":[367],"product_cat":[156],"product_tag":[457,1568,1569,1570],"class_list":{"0":"post-7354","1":"product","2":"type-product","3":"status-publish","4":"has-post-thumbnail","6":"pwb-brand-wapsi","7":"product_cat-feathers","8":"product_tag-tail","9":"product_tag-turkey","10":"product_tag-wing","11":"product_tag-1570","13":"first","14":"instock","15":"taxable","16":"shipping-taxable","17":"purchasable","18":"product-type-variable"},"jetpack_sharing_enabled":true,"brands":[{"id":367,"name":"Wapsi","slug":"wapsi"}],"_links":{"self":[{"href":"https:\/\/tightline.ee\/et\/wp-json\/wp\/v2\/product\/7354","targetHints":{"allow":["GET"]}}],"collection":[{"href":"https:\/\/tightline.ee\/et\/wp-json\/wp\/v2\/product"}],"about":[{"href":"https:\/\/tightline.ee\/et\/wp-json\/wp\/v2\/types\/product"}],"wp:featuredmedia":[{"embeddable":true,"href":"https:\/\/tightline.ee\/et\/wp-json\/wp\/v2\/media\/13671"}],"wp:attachment":[{"href":"https:\/\/tightline.ee\/et\/wp-json\/wp\/v2\/media?parent=7354"}],"wp:term":[{"taxonomy":"pwb-brand","embeddable":true,"href":"https:\/\/tightline.ee\/et\/wp-json\/wp\/v2\/pwb-brand?post=7354"},{"taxonomy":"product_cat","embeddable":true,"href":"https:\/\/tightline.ee\/et\/wp-json\/wp\/v2\/product_cat?post=7354"},{"taxonomy":"product_tag","embeddable":true,"href":"https:\/\/tightline.ee\/et\/wp-json\/wp\/v2\/product_tag?post=7354"}],"curies":[{"name":"wp","href":"https:\/\/api.w.org\/{rel}","templated":true}]}}