{"id":7285,"date":"2019-10-08T17:19:20","date_gmt":"2019-10-08T14:19:20","guid":{"rendered":"https:\/\/tightline.ee\/?post_type=product&#038;p=7285"},"modified":"2025-07-18T12:53:14","modified_gmt":"2025-07-18T09:53:14","slug":"peacock","status":"publish","type":"product","link":"https:\/\/tightline.ee\/et\/toode\/peacock\/","title":{"rendered":"Paabulind \/ Peacock"},"content":{"rendered":"<p>Herneid kasutatakse kehades, peades ja tiibades. V\u00e4ga kena loomulik s\u00e4ra ja v\u00e4rv.<br \/>\nPeacocki m\u00f5\u00f5gad on k\u00e4rbseseente p\u00f5himaterjal. Seda saab kasutada sabades ja tiibades<br \/>\nPeacocki silma id kasutatakse peamiselt kehadena (Red Tag, Prince, Quill) ja seda saab kasutada ka m\u00f5nel v\u00f6\u00f6ndil tiibadena (Grey Ghost).<\/p>","protected":false},"excerpt":{"rendered":"<p>Herneid kasutatakse kehades, peades ja tiibades. V\u00e4ga kena loomulik s\u00e4ra ja v\u00e4rv. Peacocki m\u00f5\u00f5gad on k\u00e4rbseseente p\u00f5himaterjal. Seda saab kasutada<\/p>\n","protected":false},"featured_media":13669,"template":"","meta":[],"pwb-brand":[1137,394,367],"product_cat":[156],"product_tag":[1526,1524,1506,1521,1523,1525,1522],"class_list":{"0":"post-7285","1":"product","2":"type-product","3":"status-publish","4":"has-post-thumbnail","6":"pwb-brand-traun-river","7":"pwb-brand-veniard","8":"pwb-brand-wapsi","9":"product_cat-feathers","10":"product_tag-alexandra","11":"product_tag-eye","12":"product_tag-herl","13":"product_tag-paabulind","14":"product_tag-peacock","15":"product_tag-sword","16":"product_tag-1522","18":"first","19":"instock","20":"taxable","21":"shipping-taxable","22":"purchasable","23":"product-type-variable"},"jetpack_sharing_enabled":true,"brands":[{"id":1137,"name":"Traun River","slug":"traun-river"},{"id":394,"name":"Veniard","slug":"veniard"},{"id":367,"name":"Wapsi","slug":"wapsi"}],"_links":{"self":[{"href":"https:\/\/tightline.ee\/et\/wp-json\/wp\/v2\/product\/7285","targetHints":{"allow":["GET"]}}],"collection":[{"href":"https:\/\/tightline.ee\/et\/wp-json\/wp\/v2\/product"}],"about":[{"href":"https:\/\/tightline.ee\/et\/wp-json\/wp\/v2\/types\/product"}],"wp:featuredmedia":[{"embeddable":true,"href":"https:\/\/tightline.ee\/et\/wp-json\/wp\/v2\/media\/13669"}],"wp:attachment":[{"href":"https:\/\/tightline.ee\/et\/wp-json\/wp\/v2\/media?parent=7285"}],"wp:term":[{"taxonomy":"pwb-brand","embeddable":true,"href":"https:\/\/tightline.ee\/et\/wp-json\/wp\/v2\/pwb-brand?post=7285"},{"taxonomy":"product_cat","embeddable":true,"href":"https:\/\/tightline.ee\/et\/wp-json\/wp\/v2\/product_cat?post=7285"},{"taxonomy":"product_tag","embeddable":true,"href":"https:\/\/tightline.ee\/et\/wp-json\/wp\/v2\/product_tag?post=7285"}],"curies":[{"name":"wp","href":"https:\/\/api.w.org\/{rel}","templated":true}]}}