{"id":7237,"date":"2019-10-08T11:10:55","date_gmt":"2019-10-08T08:10:55","guid":{"rendered":"https:\/\/tightline.ee\/?post_type=product&#038;p=7237"},"modified":"2025-02-24T23:58:31","modified_gmt":"2025-02-24T21:58:31","slug":"ostrich-herl","status":"publish","type":"product","link":"https:\/\/tightline.ee\/et\/toode\/ostrich-herl\/","title":{"rendered":"Jaanalind \/ Ostrich Herl"},"content":{"rendered":"<p>Jaanalinnuhelbeid kasutatakse paljudes klassikalistes l\u00f5hek\u00e4rbestes. See sobib h\u00e4sti ka v\u00e4iksemate k\u00e4rbeste kehamaterjaliks ja k\u00f5drik\u00e4rbeste kurgukitsenduseks.<\/p>\n<p>Pakend sisaldab \u00fchte t\u00fckeldatud suurt sulge. Pikkus umbes 10-12 cm, kiu pikkus umbes 7-15 cm.<\/p>","protected":false},"excerpt":{"rendered":"<p>Jaanalinnuhelbeid kasutatakse paljudes klassikalistes l\u00f5hek\u00e4rbestes. See sobib h\u00e4sti ka v\u00e4iksemate k\u00e4rbeste kehamaterjaliks ja k\u00f5drik\u00e4rbeste kurgukitsenduseks. Pakend sisaldab \u00fchte t\u00fckeldatud suurt<\/p>\n","protected":false},"featured_media":13666,"template":"","meta":[],"pwb-brand":[394,367],"product_cat":[156],"product_tag":[1506,1507,1504,1505,1508],"class_list":{"0":"post-7237","1":"product","2":"type-product","3":"status-publish","4":"has-post-thumbnail","6":"pwb-brand-veniard","7":"pwb-brand-wapsi","8":"product_cat-feathers","9":"product_tag-herl","10":"product_tag-jaanalind","11":"product_tag-ostrich","12":"product_tag-ostrich-herl","13":"product_tag-1508","15":"first","16":"instock","17":"taxable","18":"shipping-taxable","19":"purchasable","20":"product-type-variable"},"jetpack_sharing_enabled":true,"brands":[{"id":394,"name":"Veniard","slug":"veniard"},{"id":367,"name":"Wapsi","slug":"wapsi"}],"_links":{"self":[{"href":"https:\/\/tightline.ee\/et\/wp-json\/wp\/v2\/product\/7237","targetHints":{"allow":["GET"]}}],"collection":[{"href":"https:\/\/tightline.ee\/et\/wp-json\/wp\/v2\/product"}],"about":[{"href":"https:\/\/tightline.ee\/et\/wp-json\/wp\/v2\/types\/product"}],"wp:featuredmedia":[{"embeddable":true,"href":"https:\/\/tightline.ee\/et\/wp-json\/wp\/v2\/media\/13666"}],"wp:attachment":[{"href":"https:\/\/tightline.ee\/et\/wp-json\/wp\/v2\/media?parent=7237"}],"wp:term":[{"taxonomy":"pwb-brand","embeddable":true,"href":"https:\/\/tightline.ee\/et\/wp-json\/wp\/v2\/pwb-brand?post=7237"},{"taxonomy":"product_cat","embeddable":true,"href":"https:\/\/tightline.ee\/et\/wp-json\/wp\/v2\/product_cat?post=7237"},{"taxonomy":"product_tag","embeddable":true,"href":"https:\/\/tightline.ee\/et\/wp-json\/wp\/v2\/product_tag?post=7237"}],"curies":[{"name":"wp","href":"https:\/\/api.w.org\/{rel}","templated":true}]}}