{"id":7201,"date":"2019-10-07T19:34:49","date_gmt":"2019-10-07T16:34:49","guid":{"rendered":"https:\/\/tightline.ee\/?post_type=product&#038;p=7201"},"modified":"2026-01-24T14:28:00","modified_gmt":"2026-01-24T12:28:00","slug":"blue-jay","status":"publish","type":"product","link":"https:\/\/tightline.ee\/et\/toode\/blue-jay\/","title":{"rendered":"Sinine \u041eabur \/ Blue Jay"},"content":{"rendered":"<p>Ideaalne sidumismaterjal traditsiooniliste Iiri j\u00e4rve m\u00e4rgk\u00e4rbeste v\u00f5i klassikaliste l\u00f5hek\u00e4rbeste jaoks.<\/p>\n<p>Pakendis 10 tiibu<\/p>","protected":false},"excerpt":{"rendered":"<p>Ideaalne sidumismaterjal traditsiooniliste Iiri j\u00e4rve m\u00e4rgk\u00e4rbeste v\u00f5i klassikaliste l\u00f5hek\u00e4rbeste jaoks. Pakendis 10 tiibu<\/p>\n","protected":false},"featured_media":13664,"template":"","meta":[],"pwb-brand":[394],"product_cat":[156],"product_tag":[1476,1477,1475,1474],"class_list":{"0":"post-7201","1":"product","2":"type-product","3":"status-publish","4":"has-post-thumbnail","6":"pwb-brand-veniard","7":"product_cat-feathers","8":"product_tag-blue-jay","9":"product_tag-jay","10":"product_tag-sinine-jabur","11":"product_tag-1474","13":"first","14":"instock","15":"taxable","16":"shipping-taxable","17":"purchasable","18":"product-type-simple"},"jetpack_sharing_enabled":true,"brands":[{"id":394,"name":"Veniard","slug":"veniard"}],"_links":{"self":[{"href":"https:\/\/tightline.ee\/et\/wp-json\/wp\/v2\/product\/7201","targetHints":{"allow":["GET"]}}],"collection":[{"href":"https:\/\/tightline.ee\/et\/wp-json\/wp\/v2\/product"}],"about":[{"href":"https:\/\/tightline.ee\/et\/wp-json\/wp\/v2\/types\/product"}],"wp:featuredmedia":[{"embeddable":true,"href":"https:\/\/tightline.ee\/et\/wp-json\/wp\/v2\/media\/13664"}],"wp:attachment":[{"href":"https:\/\/tightline.ee\/et\/wp-json\/wp\/v2\/media?parent=7201"}],"wp:term":[{"taxonomy":"pwb-brand","embeddable":true,"href":"https:\/\/tightline.ee\/et\/wp-json\/wp\/v2\/pwb-brand?post=7201"},{"taxonomy":"product_cat","embeddable":true,"href":"https:\/\/tightline.ee\/et\/wp-json\/wp\/v2\/product_cat?post=7201"},{"taxonomy":"product_tag","embeddable":true,"href":"https:\/\/tightline.ee\/et\/wp-json\/wp\/v2\/product_tag?post=7201"}],"curies":[{"name":"wp","href":"https:\/\/api.w.org\/{rel}","templated":true}]}}