{"id":7176,"date":"2019-10-07T18:46:53","date_gmt":"2019-10-07T15:46:53","guid":{"rendered":"https:\/\/tightline.ee\/?post_type=product&#038;p=7176"},"modified":"2026-01-05T19:55:13","modified_gmt":"2026-01-05T17:55:13","slug":"guinea-fowl","status":"publish","type":"product","link":"https:\/\/tightline.ee\/et\/toode\/guinea-fowl\/","title":{"rendered":"P\u00e4rlkanad \/ Guinea Fowl"},"content":{"rendered":"<p>M\u00e4rgade k\u00e4rbeste sarvede tegemiseks v\u00f5ib kasutada looduslikult t\u00e4pilisi suled.<br \/>\nP\u00e4rilinnu sulestikku kasutatakse paljudes meril\u00f5hedes ja traditsioonilistes l\u00f5hemustrites.\u00a0 V\u00e4rvitud sinist antakse sageli Jay asendajaks.<br \/>\nPakend 2 gr<\/p>","protected":false},"excerpt":{"rendered":"<p>M\u00e4rgade k\u00e4rbeste sarvede tegemiseks v\u00f5ib kasutada looduslikult t\u00e4pilisi suled. P\u00e4rilinnu sulestikku kasutatakse paljudes meril\u00f5hedes ja traditsioonilistes l\u00f5hemustrites.\u00a0 V\u00e4rvitud sinist antakse<\/p>\n","protected":false},"featured_media":13663,"template":"","meta":[],"pwb-brand":[394,367],"product_cat":[156],"product_tag":[1463,1462,1460,1461],"class_list":{"0":"post-7176","1":"product","2":"type-product","3":"status-publish","4":"has-post-thumbnail","6":"pwb-brand-veniard","7":"pwb-brand-wapsi","8":"product_cat-feathers","9":"product_tag-fawl","10":"product_tag-guinea","11":"product_tag-parlkanad","12":"product_tag-1461","14":"first","15":"instock","16":"taxable","17":"shipping-taxable","18":"purchasable","19":"product-type-variable"},"jetpack_sharing_enabled":true,"brands":[{"id":394,"name":"Veniard","slug":"veniard"},{"id":367,"name":"Wapsi","slug":"wapsi"}],"_links":{"self":[{"href":"https:\/\/tightline.ee\/et\/wp-json\/wp\/v2\/product\/7176","targetHints":{"allow":["GET"]}}],"collection":[{"href":"https:\/\/tightline.ee\/et\/wp-json\/wp\/v2\/product"}],"about":[{"href":"https:\/\/tightline.ee\/et\/wp-json\/wp\/v2\/types\/product"}],"wp:featuredmedia":[{"embeddable":true,"href":"https:\/\/tightline.ee\/et\/wp-json\/wp\/v2\/media\/13663"}],"wp:attachment":[{"href":"https:\/\/tightline.ee\/et\/wp-json\/wp\/v2\/media?parent=7176"}],"wp:term":[{"taxonomy":"pwb-brand","embeddable":true,"href":"https:\/\/tightline.ee\/et\/wp-json\/wp\/v2\/pwb-brand?post=7176"},{"taxonomy":"product_cat","embeddable":true,"href":"https:\/\/tightline.ee\/et\/wp-json\/wp\/v2\/product_cat?post=7176"},{"taxonomy":"product_tag","embeddable":true,"href":"https:\/\/tightline.ee\/et\/wp-json\/wp\/v2\/product_tag?post=7176"}],"curies":[{"name":"wp","href":"https:\/\/api.w.org\/{rel}","templated":true}]}}