{"id":6833,"date":"2019-10-05T11:33:42","date_gmt":"2019-10-05T08:33:42","guid":{"rendered":"https:\/\/tightline.ee\/?post_type=product&#038;p=6833"},"modified":"2023-10-12T17:40:08","modified_gmt":"2023-10-12T14:40:08","slug":"s-tube-conehead","status":"publish","type":"product","link":"https:\/\/tightline.ee\/et\/toode\/s-tube-conehead\/","title":{"rendered":"S-Tube Conehead"},"content":{"rendered":"<p>V\u00e4lisl\u00e4bim\u00f5\u00f5t 6,0 mm, sisel\u00e4bim\u00f5\u00f5t 2,0 mm<\/p>\n<p>10 tk \/ pakk.<\/p>\n<p>&nbsp;<\/p>\n<p>&nbsp;<\/p>","protected":false},"excerpt":{"rendered":"<p>V\u00e4lisl\u00e4bim\u00f5\u00f5t 6,0 mm, sisel\u00e4bim\u00f5\u00f5t 2,0 mm 10 tk \/ pakk. &nbsp; &nbsp;<\/p>\n","protected":false},"featured_media":6836,"template":"","meta":[],"pwb-brand":[1138],"product_cat":[162],"product_tag":[1350,1482],"class_list":{"0":"post-6833","1":"product","2":"type-product","3":"status-publish","4":"has-post-thumbnail","6":"pwb-brand-tight-line","7":"product_cat-eyes-headsbeads","8":"product_tag-heads","9":"product_tag-tube-conehead","11":"first","12":"instock","13":"sale","14":"taxable","15":"shipping-taxable","16":"purchasable","17":"product-type-variable"},"jetpack_sharing_enabled":true,"brands":[{"id":1138,"name":"Tight Line","slug":"tight-line"}],"_links":{"self":[{"href":"https:\/\/tightline.ee\/et\/wp-json\/wp\/v2\/product\/6833","targetHints":{"allow":["GET"]}}],"collection":[{"href":"https:\/\/tightline.ee\/et\/wp-json\/wp\/v2\/product"}],"about":[{"href":"https:\/\/tightline.ee\/et\/wp-json\/wp\/v2\/types\/product"}],"wp:featuredmedia":[{"embeddable":true,"href":"https:\/\/tightline.ee\/et\/wp-json\/wp\/v2\/media\/6836"}],"wp:attachment":[{"href":"https:\/\/tightline.ee\/et\/wp-json\/wp\/v2\/media?parent=6833"}],"wp:term":[{"taxonomy":"pwb-brand","embeddable":true,"href":"https:\/\/tightline.ee\/et\/wp-json\/wp\/v2\/pwb-brand?post=6833"},{"taxonomy":"product_cat","embeddable":true,"href":"https:\/\/tightline.ee\/et\/wp-json\/wp\/v2\/product_cat?post=6833"},{"taxonomy":"product_tag","embeddable":true,"href":"https:\/\/tightline.ee\/et\/wp-json\/wp\/v2\/product_tag?post=6833"}],"curies":[{"name":"wp","href":"https:\/\/api.w.org\/{rel}","templated":true}]}}